{"id":2477,"date":"2022-11-09T18:14:29","date_gmt":"2022-11-09T21:14:29","guid":{"rendered":"https:\/\/www.emporioamazonervas.com.br\/?post_type=product&#038;p=2477"},"modified":"2022-11-09T18:20:49","modified_gmt":"2022-11-09T21:20:49","slug":"whey-3w-super-sabor-chocolate-907g-integralmedica","status":"publish","type":"product","link":"https:\/\/www.emporioamazonervas.com.br\/index.php\/produto\/whey-3w-super-sabor-chocolate-907g-integralmedica\/","title":{"rendered":"Whey 3W Super Sabor: Chocolate 907g &#8211; Integralmedica"},"content":{"rendered":"<p style=\"text-align: justify\">Chegou a hora de\u00a0<strong>acelerar a recupera\u00e7\u00e3o dos seus m\u00fasculos, ganhar massa e atingir a defini\u00e7\u00e3o muscular<\/strong>. O\u00a0<strong>Whey 3W Super<\/strong> conta com prote\u00edna nas formas: concentrada (WPC), isolada (WPI) e hidrolisada (WPH).<\/p>\n<p style=\"text-align: justify\">S\u00e3o 22 g de prote\u00edna por por\u00e7\u00e3o e 5g de BCAA por por\u00e7\u00e3o para atingir m\u00e1ximo resultado.<\/p>\n<p style=\"text-align: justify\">Sua elevada qualidade traz o equil\u00edbrio e benef\u00edcio dos tr\u00eas tipos de whey protein gerando uma alta concentra\u00e7\u00e3o de prote\u00ednas, amino\u00e1cidos essenciais e BCAA para a sua dieta.<\/p>\n<p style=\"text-align: justify\">WHEY 3W SUPER \u00e9 de f\u00e1cil digestibilidade e r\u00e1pida absor\u00e7\u00e3o gerando saciedade e diminuindo a sensa\u00e7\u00e3o de incha\u00e7o ap\u00f3s o consumo.<\/p>\n<div class=\"__bs-whats-for-checks\" style=\"text-align: justify\">\n<div class=\"__bs-whats-for-check-container\">\n<ul>\n<li class=\"__bs-whats-for-text\">Ganho de massa muscular;<\/li>\n<li>Manuten\u00e7\u00e3o de massa muscular;<\/li>\n<li>Defini\u00e7\u00e3o muscular;<\/li>\n<li>Recupera\u00e7\u00e3o muscular.<\/li>\n<\/ul>\n<\/div>\n<\/div>\n<div class=\"__bs-whats-for-info\">\n<p class=\"__bs-whats-for-info-text\" style=\"text-align: justify\"><strong>Whey 3W Super<\/strong>\u00a0\u00e9 indicado para pessoas que desejam ganhar massa muscular, acelerar o processo de recupera\u00e7\u00e3o muscular, melhora da defini\u00e7\u00e3o e performance.<\/p>\n<p class=\"__bs-whats-for-info-text\">Outra indica\u00e7\u00e3o do Whey 3W Super \u00e9 a\u00a0<strong>manuten\u00e7\u00e3o de massa muscular<\/strong>\u00a0em dietas hipocal\u00f3ricas voltadas para o emagrecimento.<\/p>\n<\/div>\n","protected":false},"excerpt":{"rendered":"<p class=\"__bs-whats-for-info-text\"><strong>Whey 3W Super<\/strong>\u00a0\u00e9 indicado para pessoas que desejam ganhar massa muscular, acelerar o processo de recupera\u00e7\u00e3o muscular, melhora da defini\u00e7\u00e3o e performance.<\/p>\n<p class=\"__bs-whats-for-info-text\">Outra indica\u00e7\u00e3o do Whey 3W Super \u00e9 a\u00a0<strong>manuten\u00e7\u00e3o de massa muscular<\/strong>\u00a0em dietas hipocal\u00f3ricas voltadas para o emagrecimento.<\/p>\n","protected":false},"featured_media":2478,"comment_status":"open","ping_status":"closed","template":"","meta":[],"product_cat":[497],"product_tag":[292,613,187,188,769,799,800,796,763,513,41],"_links":{"self":[{"href":"https:\/\/www.emporioamazonervas.com.br\/index.php\/wp-json\/wp\/v2\/product\/2477"}],"collection":[{"href":"https:\/\/www.emporioamazonervas.com.br\/index.php\/wp-json\/wp\/v2\/product"}],"about":[{"href":"https:\/\/www.emporioamazonervas.com.br\/index.php\/wp-json\/wp\/v2\/types\/product"}],"replies":[{"embeddable":true,"href":"https:\/\/www.emporioamazonervas.com.br\/index.php\/wp-json\/wp\/v2\/comments?post=2477"}],"wp:featuredmedia":[{"embeddable":true,"href":"https:\/\/www.emporioamazonervas.com.br\/index.php\/wp-json\/wp\/v2\/media\/2478"}],"wp:attachment":[{"href":"https:\/\/www.emporioamazonervas.com.br\/index.php\/wp-json\/wp\/v2\/media?parent=2477"}],"wp:term":[{"taxonomy":"product_cat","embeddable":true,"href":"https:\/\/www.emporioamazonervas.com.br\/index.php\/wp-json\/wp\/v2\/product_cat?post=2477"},{"taxonomy":"product_tag","embeddable":true,"href":"https:\/\/www.emporioamazonervas.com.br\/index.php\/wp-json\/wp\/v2\/product_tag?post=2477"}],"curies":[{"name":"wp","href":"https:\/\/api.w.org\/{rel}","templated":true}]}}