{"id":2470,"date":"2022-11-09T10:32:46","date_gmt":"2022-11-09T13:32:46","guid":{"rendered":"https:\/\/www.emporioamazonervas.com.br\/?post_type=product&#038;p=2470"},"modified":"2023-06-02T03:00:19","modified_gmt":"2023-06-02T06:00:19","slug":"iso-protein-whey-protein-isolate-sabor-morango-907g-hopper","status":"publish","type":"product","link":"https:\/\/www.emporioamazonervas.com.br\/index.php\/produto\/iso-protein-whey-protein-isolate-sabor-morango-907g-hopper\/","title":{"rendered":"Iso Protein Whey Protein Isolate Sabor: Morango 907g &#8211; Hopper"},"content":{"rendered":"<p style=\"text-align: justify\"><strong>Iso Protein<\/strong>\u00a0\u00e9 um produto composto pela prote\u00edna do soro de leite isolada, que possui alto valor biol\u00f3gico e \u00e9 rica em amino\u00e1cidos essenciais. A prote\u00edna usada na formula\u00e7\u00e3o do iso protein \u00e9 fabricada em processos de filtra\u00e7\u00e3o que garantem\u00a0<strong>alta pureza e qualidade, al\u00e9m de apresentar r\u00e1pida absor\u00e7\u00e3o<\/strong>. \u00c9 a prote\u00edna\u00a0<strong>ideal para consumo p\u00f3s treino pois favorece tanto a constru\u00e7\u00e3o quanto a recupera\u00e7\u00e3o muscular<\/strong>.<\/p>\n<ul>\n<li>Ganho de for\u00e7a e massa muscular.<\/li>\n<\/ul>\n","protected":false},"excerpt":{"rendered":"<p>Iso Protein\u00a0\u00e9 um produto composto pela prote\u00edna do soro de leite isolada, que possui alto<a class=\"read-more\" href=\"https:\/\/www.emporioamazonervas.com.br\/index.php\/produto\/iso-protein-whey-protein-isolate-sabor-morango-907g-hopper\/\">&#8230;<\/a><\/p>\n","protected":false},"featured_media":2471,"comment_status":"open","ping_status":"closed","template":"","meta":[],"product_cat":[294,39],"product_tag":[384,439,188,371,796],"_links":{"self":[{"href":"https:\/\/www.emporioamazonervas.com.br\/index.php\/wp-json\/wp\/v2\/product\/2470"}],"collection":[{"href":"https:\/\/www.emporioamazonervas.com.br\/index.php\/wp-json\/wp\/v2\/product"}],"about":[{"href":"https:\/\/www.emporioamazonervas.com.br\/index.php\/wp-json\/wp\/v2\/types\/product"}],"replies":[{"embeddable":true,"href":"https:\/\/www.emporioamazonervas.com.br\/index.php\/wp-json\/wp\/v2\/comments?post=2470"}],"wp:featuredmedia":[{"embeddable":true,"href":"https:\/\/www.emporioamazonervas.com.br\/index.php\/wp-json\/wp\/v2\/media\/2471"}],"wp:attachment":[{"href":"https:\/\/www.emporioamazonervas.com.br\/index.php\/wp-json\/wp\/v2\/media?parent=2470"}],"wp:term":[{"taxonomy":"product_cat","embeddable":true,"href":"https:\/\/www.emporioamazonervas.com.br\/index.php\/wp-json\/wp\/v2\/product_cat?post=2470"},{"taxonomy":"product_tag","embeddable":true,"href":"https:\/\/www.emporioamazonervas.com.br\/index.php\/wp-json\/wp\/v2\/product_tag?post=2470"}],"curies":[{"name":"wp","href":"https:\/\/api.w.org\/{rel}","templated":true}]}}