{"id":2463,"date":"2022-11-09T09:54:29","date_gmt":"2022-11-09T12:54:29","guid":{"rendered":"https:\/\/www.emporioamazonervas.com.br\/?post_type=product&#038;p=2463"},"modified":"2022-11-09T09:54:29","modified_gmt":"2022-11-09T12:54:29","slug":"bcaa-411-drink-sabor-uva-280g-max-titanium","status":"publish","type":"product","link":"https:\/\/www.emporioamazonervas.com.br\/index.php\/produto\/bcaa-411-drink-sabor-uva-280g-max-titanium\/","title":{"rendered":"BCAA 4:1:1 Drink Sabor Uva 280g &#8211; Max Titanium"},"content":{"rendered":"<div id=\"productDescription_feature_div\" class=\"celwidget\" data-feature-name=\"productDescription\" data-csa-c-type=\"widget\" data-csa-c-content-id=\"productDescription\" data-csa-c-slot-id=\"productDescription_feature_div\" data-csa-c-asin=\"\" data-csa-c-is-in-initial-active-row=\"false\" data-cel-widget=\"productDescription_feature_div\" data-csa-c-id=\"4u4wc0-9v5g9y-xrr1cm-cyxkbc\">\n<div>\n<div id=\"productDescription_feature_div\" class=\"a-row feature\" data-feature-name=\"productDescription\" data-template-name=\"productDescription\" data-cel-widget=\"productDescription_feature_div\">\n<div id=\"productDescription\" class=\"a-section a-spacing-small\">\n<p style=\"text-align: justify\">O extraordin\u00e1rio 4:1:1 BCAA DRINK em uma f\u00f3rmula da MAX TITANIUM. Composto por amino\u00e1cidos de cadeia ramificada, ele cont\u00e9m 100% da *IDR de vitamina B6 por dose. Al\u00e9m de oferecer alta concentra\u00e7\u00e3o de amino\u00e1cidos essenciais na propor\u00e7\u00e3o de 4:1:1 entre leucina, isoleucina e valina, o 4: 1: 1 BCAA DRINK e? conhecido por ser extremamente saboroso.<\/p>\n<\/div>\n<\/div>\n<\/div>\n<\/div>\n<ul class=\"a-unordered-list a-vertical a-spacing-mini\">\n<li><span class=\"a-list-item\">amino\u00e1cidos e prote\u00ednas<\/span><\/li>\n<li><span class=\"a-list-item\">aumento de energia;<\/span><\/li>\n<li><span class=\"a-list-item\">manuten\u00e7\u00e3o muscular.<\/span><\/li>\n<\/ul>\n","protected":false},"excerpt":{"rendered":"<p>O extraordin\u00e1rio 4:1:1 BCAA DRINK em uma f\u00f3rmula da MAX TITANIUM. Composto por amino\u00e1cidos de<a class=\"read-more\" href=\"https:\/\/www.emporioamazonervas.com.br\/index.php\/produto\/bcaa-411-drink-sabor-uva-280g-max-titanium\/\">&#8230;<\/a><\/p>\n","protected":false},"featured_media":2465,"comment_status":"open","ping_status":"closed","template":"","meta":[],"product_cat":[39],"product_tag":[293,771,292,409,571,140],"_links":{"self":[{"href":"https:\/\/www.emporioamazonervas.com.br\/index.php\/wp-json\/wp\/v2\/product\/2463"}],"collection":[{"href":"https:\/\/www.emporioamazonervas.com.br\/index.php\/wp-json\/wp\/v2\/product"}],"about":[{"href":"https:\/\/www.emporioamazonervas.com.br\/index.php\/wp-json\/wp\/v2\/types\/product"}],"replies":[{"embeddable":true,"href":"https:\/\/www.emporioamazonervas.com.br\/index.php\/wp-json\/wp\/v2\/comments?post=2463"}],"wp:featuredmedia":[{"embeddable":true,"href":"https:\/\/www.emporioamazonervas.com.br\/index.php\/wp-json\/wp\/v2\/media\/2465"}],"wp:attachment":[{"href":"https:\/\/www.emporioamazonervas.com.br\/index.php\/wp-json\/wp\/v2\/media?parent=2463"}],"wp:term":[{"taxonomy":"product_cat","embeddable":true,"href":"https:\/\/www.emporioamazonervas.com.br\/index.php\/wp-json\/wp\/v2\/product_cat?post=2463"},{"taxonomy":"product_tag","embeddable":true,"href":"https:\/\/www.emporioamazonervas.com.br\/index.php\/wp-json\/wp\/v2\/product_tag?post=2463"}],"curies":[{"name":"wp","href":"https:\/\/api.w.org\/{rel}","templated":true}]}}