{"id":2455,"date":"2022-11-08T18:36:14","date_gmt":"2022-11-08T21:36:14","guid":{"rendered":"https:\/\/www.emporioamazonervas.com.br\/?post_type=product&#038;p=2455"},"modified":"2023-08-07T16:35:57","modified_gmt":"2023-08-07T19:35:57","slug":"iso-triple-zero-whey-protein-isolado-sabor-baunilha-907g-integralmedica","status":"publish","type":"product","link":"https:\/\/www.emporioamazonervas.com.br\/index.php\/produto\/iso-triple-zero-whey-protein-isolado-sabor-baunilha-907g-integralmedica\/","title":{"rendered":"Iso Triple Zero Whey Protein Isolado Sabor: Baunilha 907g &#8211; Integralmedica"},"content":{"rendered":"<p style=\"text-align: justify\">O\u00a0<strong>Iso Triple Zero <\/strong>\u00e9 um\u00a0<strong>Whey isolado livre de gorduras<\/strong>. Para que voc\u00ea tenha m\u00e1ximo resultado de\u00a0<strong>ganho e manuten\u00e7\u00e3o muscular<\/strong>, atinja a defini\u00e7\u00e3o muscular e tenha o melhor complemento proteico na sua dieta. S\u00e3o 26 gramas de prote\u00edna, 6 gramas de BCAA e 12 gramas de amino\u00e1cidos essenciais.<\/p>\n<p style=\"text-align: justify\">O diferencial do whey protein na forma isolada \u00e9 que al\u00e9m da maior concentra\u00e7\u00e3o de prote\u00ednas \u00e9 isenta de gordura e com quantidades m\u00ednimas de carboidratos.<\/p>\n<p style=\"text-align: justify\">O whey protein isolado Iso Triple Zero da tem r\u00e1pida absor\u00e7\u00e3o, f\u00e1cil digest\u00e3o e \u00e9 isento de gl\u00faten, gorduras e a\u00e7\u00facares adicionados.<\/p>\n<div class=\"__bs-whats-for-checks\">\n<div class=\"__bs-whats-for-check-container\">\n<ul>\n<li class=\"__bs-whats-for-text\">Constru\u00e7\u00e3o muscular;<\/li>\n<li>Recupera\u00e7\u00e3o muscular;<\/li>\n<li>Defini\u00e7\u00e3o muscular.<\/li>\n<\/ul>\n<\/div>\n<div class=\"__bs-whats-for-check-container\">\n<div class=\"__bs-whats-for-check\" style=\"text-align: justify\"><\/div>\n<\/div>\n<\/div>\n<div class=\"__bs-whats-for-info\">\n<p class=\"__bs-whats-for-info-text\" style=\"text-align: justify\">Por ser uma\u00a0<strong>prote\u00edna de alto valor biol\u00f3gico<\/strong>, de r\u00e1pida absor\u00e7\u00e3o, rica em amino\u00e1cidos essenciais e BCAA, o whey protein isolado Iso Triple Zero \u00e9 muito utilizado como suplemento p\u00f3s-treino, especialmente para\u00a0<strong>otimizar a constru\u00e7\u00e3o muscular<\/strong>.<\/p>\n<p class=\"__bs-whats-for-info-text\" style=\"text-align: justify\">Por\u00e9m, pela sua baixa concentra\u00e7\u00e3o de carboidratos, ele tamb\u00e9m tem uma grande aplicabilidade em dietas hipocal\u00f3ricas (redu\u00e7\u00e3o de calorias) e de baixo carboidrato, com objetivo de defini\u00e7\u00e3o e emagrecimento, por exemplo.<\/p>\n<p class=\"__bs-whats-for-info-text\" style=\"text-align: justify\">Como \u00e9 um suplemento com uma das maiores concentra\u00e7\u00f5es proteicas, r\u00e1pida absor\u00e7\u00e3o e f\u00e1cil digest\u00e3o se torna um dos melhores suplementos para ganho de massa magra e recupera\u00e7\u00e3o muscular p\u00f3s treino.<\/p>\n<\/div>\n","protected":false},"excerpt":{"rendered":"<p>\u00c9 um suplemento com uma das maiores concentra\u00e7\u00f5es proteicas, r\u00e1pida absor\u00e7\u00e3o e f\u00e1cil digest\u00e3o se torna um dos melhores suplementos para ganho de massa magra e recupera\u00e7\u00e3o muscular p\u00f3s treino.<\/p>\n","protected":false},"featured_media":2456,"comment_status":"open","ping_status":"closed","template":"","meta":[],"product_cat":[294],"product_tag":[384,292,670,439,188,798,796,763],"_links":{"self":[{"href":"https:\/\/www.emporioamazonervas.com.br\/index.php\/wp-json\/wp\/v2\/product\/2455"}],"collection":[{"href":"https:\/\/www.emporioamazonervas.com.br\/index.php\/wp-json\/wp\/v2\/product"}],"about":[{"href":"https:\/\/www.emporioamazonervas.com.br\/index.php\/wp-json\/wp\/v2\/types\/product"}],"replies":[{"embeddable":true,"href":"https:\/\/www.emporioamazonervas.com.br\/index.php\/wp-json\/wp\/v2\/comments?post=2455"}],"wp:featuredmedia":[{"embeddable":true,"href":"https:\/\/www.emporioamazonervas.com.br\/index.php\/wp-json\/wp\/v2\/media\/2456"}],"wp:attachment":[{"href":"https:\/\/www.emporioamazonervas.com.br\/index.php\/wp-json\/wp\/v2\/media?parent=2455"}],"wp:term":[{"taxonomy":"product_cat","embeddable":true,"href":"https:\/\/www.emporioamazonervas.com.br\/index.php\/wp-json\/wp\/v2\/product_cat?post=2455"},{"taxonomy":"product_tag","embeddable":true,"href":"https:\/\/www.emporioamazonervas.com.br\/index.php\/wp-json\/wp\/v2\/product_tag?post=2455"}],"curies":[{"name":"wp","href":"https:\/\/api.w.org\/{rel}","templated":true}]}}