{"id":2451,"date":"2022-11-08T17:44:28","date_gmt":"2022-11-08T20:44:28","guid":{"rendered":"https:\/\/www.emporioamazonervas.com.br\/?post_type=product&#038;p=2451"},"modified":"2023-06-02T02:46:53","modified_gmt":"2023-06-02T05:46:53","slug":"carnibol-darkeness-sabor-chocolate-907g-integralmedica","status":"publish","type":"product","link":"https:\/\/www.emporioamazonervas.com.br\/index.php\/produto\/carnibol-darkeness-sabor-chocolate-907g-integralmedica\/","title":{"rendered":"Carnibol Darkeness Sabor: Chocolate 907g &#8211; Integralmedica"},"content":{"rendered":"<p style=\"text-align: justify\">Ganho de <strong>for\u00e7a e massa muscular<\/strong>\u00a0com o suplemento\u00a0<strong>Carnibol da Darkness<\/strong>. Sua f\u00f3rmula traz um blend exclusivo de\u00a0<strong>prote\u00edna isolada de carne bovina<\/strong> da melhor qualidade e pept\u00eddeos de col\u00e1geno (ProMyoBlend\u00ae), com um excelente aporte nutricional para quem busca crescimento muscular.<\/p>\n<p>A carne bovina, al\u00e9m do alto valor biol\u00f3gico, concentra naturalmente elevados \u00edndices de creatina, assim, as prote\u00ednas dessa origem s\u00e3o bastante favor\u00e1veis para quem busca\u00a0<strong>ganhos em for\u00e7a e massa muscular<\/strong>, pensando nisso a Darkness criou o Carnibol, com baixo teor de s\u00f3dio e gorduras, livre de lactose, seu perfil nutricional favorece o balan\u00e7o nitrogenado positivo (ingest\u00e3o de amino\u00e1cidos maior que sua degrada\u00e7\u00e3o natural no organismo), uma \u00f3tima alternativa para os que n\u00e3o desejam consumir prote\u00ednas de origem l\u00e1ctea.<\/p>\n<p>\u2022 Aumento de For\u00e7a Muscular;<br \/>\n\u2022 Ganho de Massa Muscular;<br \/>\n\u2022 Recupera\u00e7\u00e3o Muscular;<br \/>\n\u2022 A\u00e7\u00e3o r\u00e1pida no p\u00f3s-treino.<\/p>\n","protected":false},"excerpt":{"rendered":"<p>Ganho de for\u00e7a e massa muscular\u00a0com o suplemento\u00a0Carnibol da Darkness. Sua f\u00f3rmula traz um blend<a class=\"read-more\" href=\"https:\/\/www.emporioamazonervas.com.br\/index.php\/produto\/carnibol-darkeness-sabor-chocolate-907g-integralmedica\/\">&#8230;<\/a><\/p>\n","protected":false},"featured_media":2452,"comment_status":"open","ping_status":"closed","template":"","meta":[],"product_cat":[294],"product_tag":[797,439,188,789,371,796,763,193],"_links":{"self":[{"href":"https:\/\/www.emporioamazonervas.com.br\/index.php\/wp-json\/wp\/v2\/product\/2451"}],"collection":[{"href":"https:\/\/www.emporioamazonervas.com.br\/index.php\/wp-json\/wp\/v2\/product"}],"about":[{"href":"https:\/\/www.emporioamazonervas.com.br\/index.php\/wp-json\/wp\/v2\/types\/product"}],"replies":[{"embeddable":true,"href":"https:\/\/www.emporioamazonervas.com.br\/index.php\/wp-json\/wp\/v2\/comments?post=2451"}],"wp:featuredmedia":[{"embeddable":true,"href":"https:\/\/www.emporioamazonervas.com.br\/index.php\/wp-json\/wp\/v2\/media\/2452"}],"wp:attachment":[{"href":"https:\/\/www.emporioamazonervas.com.br\/index.php\/wp-json\/wp\/v2\/media?parent=2451"}],"wp:term":[{"taxonomy":"product_cat","embeddable":true,"href":"https:\/\/www.emporioamazonervas.com.br\/index.php\/wp-json\/wp\/v2\/product_cat?post=2451"},{"taxonomy":"product_tag","embeddable":true,"href":"https:\/\/www.emporioamazonervas.com.br\/index.php\/wp-json\/wp\/v2\/product_tag?post=2451"}],"curies":[{"name":"wp","href":"https:\/\/api.w.org\/{rel}","templated":true}]}}