{"id":2449,"date":"2022-11-08T16:47:38","date_gmt":"2022-11-08T19:47:38","guid":{"rendered":"https:\/\/www.emporioamazonervas.com.br\/?post_type=product&#038;p=2449"},"modified":"2022-11-18T12:50:14","modified_gmt":"2022-11-18T15:50:14","slug":"coenzima-q10omega-3tg-c-vitamina-e-60-caps-sanavita","status":"publish","type":"product","link":"https:\/\/www.emporioamazonervas.com.br\/index.php\/produto\/coenzima-q10omega-3tg-c-vitamina-e-60-caps-sanavita\/","title":{"rendered":"Coenzima Q10+\u00d4MEGA 3TG C\/Vitamina E 60 caps &#8211; Sanavita"},"content":{"rendered":"<p style=\"text-align: justify\">A\u00a0<span class=\"b sanavita-m3-custom-0-x-strong sanavita-m3-custom-0-x-strong--poder-da-nutricao\">COENZIMA Q10<\/span>\u00a0da Sanavita<sup>\u00ae<\/sup>\u00a0\u00e9 uma f\u00f3rmula diferenciada e eficiente, que associa a dose ideal de Q10 recomendada pelos estudos, a nutrientes que tornam a sua absor\u00e7\u00e3o muito mais otimizada, entre eles o \u00f4mega-3 na forma TG, obtido de uma fonte super confi\u00e1vel, que ostenta o selo MEG-3<sup>\u00ae<\/sup>, marca de alta tecnologia, qualidade e n\u00edvel de pureza, al\u00e9m de vitamina E, antioxidante que potencializa os benef\u00edcios da Q10, protegendo contra os danos causados pelos radicais livres.<\/p>\n<p>A Coenzima Q10 \u00e9 um elemento superimportante para o funcionamento do nosso corpo, est\u00e1 intimamente ligada ao metabolismo energ\u00e9tico intracelular, especialmente no cora\u00e7\u00e3o, m\u00fasculos, f\u00edgado e c\u00e9rebro. \u00c9 tamb\u00e9m considerada um potente antioxidante e neutralizador de radicais livres. Sua defici\u00eancia pode ser causada pela idade, atividade f\u00edsica excessiva, sono de m\u00e1 qualidade, entre outros fatores.<\/p>\n","protected":false},"excerpt":{"rendered":"<p style=\"text-align: justify\">A Coenzima Q10 \u00e9 um elemento superimportante para o funcionamento do nosso corpo, est\u00e1 intimamente ligada ao metabolismo energ\u00e9tico intracelular, especialmente no cora\u00e7\u00e3o, m\u00fasculos, f\u00edgado e c\u00e9rebro. \u00c9 tamb\u00e9m considerada um potente antioxidante e neutralizador de radicais livres. Sua defici\u00eancia pode ser causada pela idade, atividade f\u00edsica excessiva, sono de m\u00e1 qualidade, entre outros fatores.<\/p>\n","protected":false},"featured_media":2450,"comment_status":"open","ping_status":"closed","template":"","meta":[],"product_cat":[173],"product_tag":[316,652,595,62,520,792,114],"_links":{"self":[{"href":"https:\/\/www.emporioamazonervas.com.br\/index.php\/wp-json\/wp\/v2\/product\/2449"}],"collection":[{"href":"https:\/\/www.emporioamazonervas.com.br\/index.php\/wp-json\/wp\/v2\/product"}],"about":[{"href":"https:\/\/www.emporioamazonervas.com.br\/index.php\/wp-json\/wp\/v2\/types\/product"}],"replies":[{"embeddable":true,"href":"https:\/\/www.emporioamazonervas.com.br\/index.php\/wp-json\/wp\/v2\/comments?post=2449"}],"wp:featuredmedia":[{"embeddable":true,"href":"https:\/\/www.emporioamazonervas.com.br\/index.php\/wp-json\/wp\/v2\/media\/2450"}],"wp:attachment":[{"href":"https:\/\/www.emporioamazonervas.com.br\/index.php\/wp-json\/wp\/v2\/media?parent=2449"}],"wp:term":[{"taxonomy":"product_cat","embeddable":true,"href":"https:\/\/www.emporioamazonervas.com.br\/index.php\/wp-json\/wp\/v2\/product_cat?post=2449"},{"taxonomy":"product_tag","embeddable":true,"href":"https:\/\/www.emporioamazonervas.com.br\/index.php\/wp-json\/wp\/v2\/product_tag?post=2449"}],"curies":[{"name":"wp","href":"https:\/\/api.w.org\/{rel}","templated":true}]}}