{"id":2444,"date":"2022-11-08T16:22:56","date_gmt":"2022-11-08T19:22:56","guid":{"rendered":"https:\/\/www.emporioamazonervas.com.br\/?post_type=product&#038;p=2444"},"modified":"2022-11-08T16:22:56","modified_gmt":"2022-11-08T19:22:56","slug":"forcee-cabelos-e-unhas-60-caps-sanavita","status":"publish","type":"product","link":"https:\/\/www.emporioamazonervas.com.br\/index.php\/produto\/forcee-cabelos-e-unhas-60-caps-sanavita\/","title":{"rendered":"Forcee Cabelos e Unhas 60 caps &#8211; Sanavita"},"content":{"rendered":"<p style=\"text-align: justify\">Forcee<sup>\u00ae<\/sup>\u00a0Cabelos &amp; Unhas \u00e9 um suplemento em c\u00e1psulas com uma potente combina\u00e7\u00e3o de nutrientes e antioxidantes para o fortalecimento e revitaliza\u00e7\u00e3o das unhas e cabelos.<\/p>\n<p>Sua f\u00f3rmula concentrada cont\u00e9m:<\/p>\n<p>\u2022 L-ciste\u00edna, um amino\u00e1cido importante para a estrutura da queratina.<\/p>\n<p>\u2022 Minerais quelatos, que garantem uma absor\u00e7\u00e3o muito maior pelo nosso corpo como: ferro, zinco, sel\u00eanio e cobre.<\/p>\n<p>\u2022 Biotina, \u00e1cido pantot\u00eanico, tiamina e piridoxina &#8211; as principais vitaminas envolvidas em defici\u00eancias relacionadas a cabelos e unhas.<\/p>\n<p>\u2022 Alto conte\u00fado de vitamina C, poderoso antioxidante que ajuda na forma\u00e7\u00e3o de col\u00e1geno.<\/p>\n<p><span class=\"b sanavita-m3-custom-0-x-strong sanavita-m3-custom-0-x-strong--poder-da-nutricao\">Este \u00e9 um grande aliado para quem apresenta queda de cabelo, fios fracos e sem brilho, e unhas fr\u00e1geis e quebradi\u00e7as.<\/span><\/p>\n","protected":false},"excerpt":{"rendered":"<p><span class=\"b sanavita-m3-custom-0-x-strong sanavita-m3-custom-0-x-strong--poder-da-nutricao\">Este \u00e9 um grande aliado para quem apresenta queda de cabelo, fios fracos e sem brilho, e unhas fr\u00e1geis e quebradi\u00e7as.<\/span><\/p>\n","protected":false},"featured_media":2445,"comment_status":"open","ping_status":"closed","template":"","meta":[],"product_cat":[173],"product_tag":[316,308,289,298,657,442,310,794,524,555,557,142,113,115],"_links":{"self":[{"href":"https:\/\/www.emporioamazonervas.com.br\/index.php\/wp-json\/wp\/v2\/product\/2444"}],"collection":[{"href":"https:\/\/www.emporioamazonervas.com.br\/index.php\/wp-json\/wp\/v2\/product"}],"about":[{"href":"https:\/\/www.emporioamazonervas.com.br\/index.php\/wp-json\/wp\/v2\/types\/product"}],"replies":[{"embeddable":true,"href":"https:\/\/www.emporioamazonervas.com.br\/index.php\/wp-json\/wp\/v2\/comments?post=2444"}],"wp:featuredmedia":[{"embeddable":true,"href":"https:\/\/www.emporioamazonervas.com.br\/index.php\/wp-json\/wp\/v2\/media\/2445"}],"wp:attachment":[{"href":"https:\/\/www.emporioamazonervas.com.br\/index.php\/wp-json\/wp\/v2\/media?parent=2444"}],"wp:term":[{"taxonomy":"product_cat","embeddable":true,"href":"https:\/\/www.emporioamazonervas.com.br\/index.php\/wp-json\/wp\/v2\/product_cat?post=2444"},{"taxonomy":"product_tag","embeddable":true,"href":"https:\/\/www.emporioamazonervas.com.br\/index.php\/wp-json\/wp\/v2\/product_tag?post=2444"}],"curies":[{"name":"wp","href":"https:\/\/api.w.org\/{rel}","templated":true}]}}