{"id":2442,"date":"2022-11-08T11:58:16","date_gmt":"2022-11-08T14:58:16","guid":{"rendered":"https:\/\/www.emporioamazonervas.com.br\/?post_type=product&#038;p=2442"},"modified":"2022-11-22T17:23:18","modified_gmt":"2022-11-22T20:23:18","slug":"omega-3tg-duo-epadha-60-caps-sanavita","status":"publish","type":"product","link":"https:\/\/www.emporioamazonervas.com.br\/index.php\/produto\/omega-3tg-duo-epadha-60-caps-sanavita\/","title":{"rendered":"\u00d4mega 3tg DUO EPA+DHA 60 caps &#8211; Sanavita"},"content":{"rendered":"<p style=\"text-align: justify\">\u00d4MEGA 3<sup>TG<\/sup>\u00a0DUO \u00e9 um suplemento alimentar \u00e0 base de \u00f3leo de peixe, rico em \u00e1cidos graxos \u00f4mega 3 EPA e DHA na forma TG, a mesma encontrada na natureza, o que permite uma melhor absor\u00e7\u00e3o.<\/p>\n<p>\u00c9 formulado com alta tecnologia, com mat\u00e9ria prima de proced\u00eancia rastre\u00e1vel e selo de qualidade MEG-3<sup>\u00ae<\/sup>, marca de alto n\u00edvel de pureza, reconhecida pelo fornecimento de \u00f4mega 3 sustent\u00e1vel e processo que elimina poluentes como merc\u00fario e outras impurezas, tornando o produto odorless.<\/p>\n<p>O encapsulamento \u00e9 feito em combina\u00e7\u00e3o com a vitamina E, que protege os \u00f4megas da oxida\u00e7\u00e3o e o corpo dos danos causados pela a\u00e7\u00e3o dos radicais livres.<\/p>\n<p><span class=\"b sanavita-m3-custom-0-x-strong sanavita-m3-custom-0-x-strong--poder-da-nutricao\">O \u00d4MEGA 3<sup>TG<\/sup>\u00a0DUO entrega benef\u00edcios reais a sua sa\u00fade em todas as fases da sua vida. \u00c9 recomendado para reposi\u00e7\u00e3o nutricional e preven\u00e7\u00e3o do risco de doen\u00e7as associadas \u00e0 defici\u00eancia dessa gordura saud\u00e1vel para o bom funcionamento do nosso corpo.<\/span><\/p>\n","protected":false},"excerpt":{"rendered":"<p style=\"text-align: justify\"><span class=\"b sanavita-m3-custom-0-x-strong sanavita-m3-custom-0-x-strong--poder-da-nutricao\">O \u00d4MEGA 3<sup>TG<\/sup>\u00a0DUO entrega benef\u00edcios reais a sua sa\u00fade em todas as fases da sua vida. \u00c9 recomendado para reposi\u00e7\u00e3o nutricional e preven\u00e7\u00e3o do risco de doen\u00e7as associadas \u00e0 defici\u00eancia dessa gordura saud\u00e1vel para o bom funcionamento do nosso corpo.<\/span><\/p>\n","protected":false},"featured_media":2443,"comment_status":"open","ping_status":"closed","template":"","meta":[],"product_cat":[173],"product_tag":[735,520,793,469,114],"_links":{"self":[{"href":"https:\/\/www.emporioamazonervas.com.br\/index.php\/wp-json\/wp\/v2\/product\/2442"}],"collection":[{"href":"https:\/\/www.emporioamazonervas.com.br\/index.php\/wp-json\/wp\/v2\/product"}],"about":[{"href":"https:\/\/www.emporioamazonervas.com.br\/index.php\/wp-json\/wp\/v2\/types\/product"}],"replies":[{"embeddable":true,"href":"https:\/\/www.emporioamazonervas.com.br\/index.php\/wp-json\/wp\/v2\/comments?post=2442"}],"wp:featuredmedia":[{"embeddable":true,"href":"https:\/\/www.emporioamazonervas.com.br\/index.php\/wp-json\/wp\/v2\/media\/2443"}],"wp:attachment":[{"href":"https:\/\/www.emporioamazonervas.com.br\/index.php\/wp-json\/wp\/v2\/media?parent=2442"}],"wp:term":[{"taxonomy":"product_cat","embeddable":true,"href":"https:\/\/www.emporioamazonervas.com.br\/index.php\/wp-json\/wp\/v2\/product_cat?post=2442"},{"taxonomy":"product_tag","embeddable":true,"href":"https:\/\/www.emporioamazonervas.com.br\/index.php\/wp-json\/wp\/v2\/product_tag?post=2442"}],"curies":[{"name":"wp","href":"https:\/\/api.w.org\/{rel}","templated":true}]}}