{"id":2440,"date":"2022-11-08T11:51:47","date_gmt":"2022-11-08T14:51:47","guid":{"rendered":"https:\/\/www.emporioamazonervas.com.br\/?post_type=product&#038;p=2440"},"modified":"2022-11-08T15:33:45","modified_gmt":"2022-11-08T18:33:45","slug":"super-epa-omega-3tg-90-caps-sanavita","status":"publish","type":"product","link":"https:\/\/www.emporioamazonervas.com.br\/index.php\/produto\/super-epa-omega-3tg-90-caps-sanavita\/","title":{"rendered":"Super EPA \u00d4mega 3tg 90 caps &#8211; Sanavita"},"content":{"rendered":"<p style=\"text-align: justify\">O SUPER EPA \u00d4MEGA 3<sup>TG<\/sup>\u00a0\u00e9 um suplemento alimentar de \u00f3leo de peixe superconcentrado, com alto conte\u00fado dos \u00f4megas EPA e DHA na forma TG, a mesma encontrada na natureza, o que permite uma melhor absor\u00e7\u00e3o.\u200b<\/p>\n<p>\u00c9 formulado com alta tecnologia, com mat\u00e9ria prima de proced\u00eancia rastre\u00e1vel e selo de qualidade MEG-3<sup>\u00ae<\/sup>, marca de alto n\u00edvel de pureza, reconhecida pelo fornecimento de \u00f4mega 3 sustent\u00e1vel e processo que elimina poluentes como merc\u00fario e outras impurezas, tornando o produto odorless.<\/p>\n<p>\u200b O encapsulamento \u00e9 feito em combina\u00e7\u00e3o com a vitamina E, que protege os \u00f4megas da oxida\u00e7\u00e3o e o corpo dos danos causados pela a\u00e7\u00e3o dos radicais livres.\u200b<\/p>\n<p><span class=\"b sanavita-m3-custom-0-x-strong sanavita-m3-custom-0-x-strong--poder-da-nutricao\">O SUPER EPA \u00d4MEGA 3<sup>TG<\/sup>\u00a0\u00e9 recomendado para pessoas que procuram reduzir triglicer\u00eddeos e desejam cuidar da sa\u00fade cardiovascular.<\/span><\/p>\n","protected":false},"excerpt":{"rendered":"<p style=\"text-align: justify\"><span class=\"b sanavita-m3-custom-0-x-strong sanavita-m3-custom-0-x-strong--poder-da-nutricao\">O SUPER EPA \u00d4MEGA 3<sup>TG<\/sup>\u00a0\u00e9 recomendado para pessoas que procuram reduzir triglicer\u00eddeos e desejam cuidar da sa\u00fade cardiovascular.<\/span><\/p>\n","protected":false},"featured_media":2441,"comment_status":"open","ping_status":"closed","template":"","meta":[],"product_cat":[173],"product_tag":[62,520,77,792,551,114],"_links":{"self":[{"href":"https:\/\/www.emporioamazonervas.com.br\/index.php\/wp-json\/wp\/v2\/product\/2440"}],"collection":[{"href":"https:\/\/www.emporioamazonervas.com.br\/index.php\/wp-json\/wp\/v2\/product"}],"about":[{"href":"https:\/\/www.emporioamazonervas.com.br\/index.php\/wp-json\/wp\/v2\/types\/product"}],"replies":[{"embeddable":true,"href":"https:\/\/www.emporioamazonervas.com.br\/index.php\/wp-json\/wp\/v2\/comments?post=2440"}],"wp:featuredmedia":[{"embeddable":true,"href":"https:\/\/www.emporioamazonervas.com.br\/index.php\/wp-json\/wp\/v2\/media\/2441"}],"wp:attachment":[{"href":"https:\/\/www.emporioamazonervas.com.br\/index.php\/wp-json\/wp\/v2\/media?parent=2440"}],"wp:term":[{"taxonomy":"product_cat","embeddable":true,"href":"https:\/\/www.emporioamazonervas.com.br\/index.php\/wp-json\/wp\/v2\/product_cat?post=2440"},{"taxonomy":"product_tag","embeddable":true,"href":"https:\/\/www.emporioamazonervas.com.br\/index.php\/wp-json\/wp\/v2\/product_tag?post=2440"}],"curies":[{"name":"wp","href":"https:\/\/api.w.org\/{rel}","templated":true}]}}