{"id":2432,"date":"2022-11-05T13:11:12","date_gmt":"2022-11-05T16:11:12","guid":{"rendered":"https:\/\/www.emporioamazonervas.com.br\/?post_type=product&#038;p=2432"},"modified":"2022-11-08T10:10:15","modified_gmt":"2022-11-08T13:10:15","slug":"glutamine-darkness-350g-integralmedica","status":"publish","type":"product","link":"https:\/\/www.emporioamazonervas.com.br\/index.php\/produto\/glutamine-darkness-350g-integralmedica\/","title":{"rendered":"Glutamine Darkness 350g &#8211; IntegralMedica"},"content":{"rendered":"<p style=\"text-align: justify\"><strong>Glutamina<\/strong>\u00a0\u00e9 um amino\u00e1cido n\u00e3o-essencial, ou seja, \u00e9 produzido pelo nosso organismo. Al\u00e9m disso, a Glutamina \u00e9 o amino\u00e1cido mais abundante no nosso organismo. Entretanto, sua ingest\u00e3o pela dieta se faz necess\u00e1ria, pois em situa\u00e7\u00f5es de estresse, como nos exerc\u00edcios intensos ou volumosos, os n\u00edveis de Glutamina plasm\u00e1tica circulante podem despencar.<\/p>\n<p style=\"text-align: justify\">Como j\u00e1 sabemos, quem deseja ganhos extremos de for\u00e7a e massa muscular ir\u00e1 fazer treinos extremos, com alta intensidade ou alto volume, cargas elevadas e sempre at\u00e9 o limite, o que pode sem d\u00favidas nenhuma diminuir os n\u00edveis de Glutamina circulante.\u00a0<b>A suplementa\u00e7\u00e3o de Glutamina permite que n\u00edveis extremos de intensidade de treino sejam alcan\u00e7ados.<\/b><\/p>\n<p style=\"text-align: justify\">Uma das fun\u00e7\u00f5es primarias da\u00a0<strong>Glutamina<\/strong>\u00a0para quem pratica atividade f\u00edsica, em especial de forma intensa ou volumosa, \u00e9 a\u00a0<strong>melhora do sistema imunol\u00f3gico<\/strong>. O sistema imunol\u00f3gico pode ser prejudicado com a pratica de exerc\u00edcios intensos, aumentando assim o risco de infec\u00e7\u00f5es e resfriados e prejudicando a continuidade dos treinamentos, o que vai prejudicar nos seus resultados. Por isso a Glutamina \u00e9 t\u00e3o importante!<\/p>\n<p>Outra fun\u00e7\u00e3o importante da\u00a0<strong>Glutamina \u00e9 na sa\u00fade intestinal<\/strong>, ou seja, a suplementa\u00e7\u00e3o da Glutamina auxilia em uma barreira intestinal intacta, melhorando a absor\u00e7\u00e3o de nutrientes e evitando a invas\u00e3o de microrganismos nocivos a sa\u00fade e as toxinas presentes em alimentos, polui\u00e7\u00e3o, etc. Temos tamb\u00e9m outras fun\u00e7\u00f5es para a ingest\u00e3o de prote\u00ednas, como o seu efeito anticatab\u00f3lico e a produ\u00e7\u00e3o de energia.<\/p>\n<p style=\"text-align: justify\">\n","protected":false},"excerpt":{"rendered":"<p style=\"text-align: justify\"><strong>Glutamina<\/strong>\u00a0\u00e9 um amino\u00e1cido n\u00e3o-essencial, ou seja, \u00e9 produzido pelo nosso organismo. Al\u00e9m disso, a Glutamina \u00e9 o amino\u00e1cido mais abundante no nosso organismo. Entretanto, sua ingest\u00e3o pela dieta se faz necess\u00e1ria, pois em situa\u00e7\u00f5es de estresse, como nos exerc\u00edcios intensos ou volumosos, os n\u00edveis de Glutamina plasm\u00e1tica circulante podem despencar.<\/p>\n","protected":false},"featured_media":2433,"comment_status":"open","ping_status":"closed","template":"","meta":[],"product_cat":[131,589,39],"product_tag":[641,293,764,185,573,511,441,791,765],"_links":{"self":[{"href":"https:\/\/www.emporioamazonervas.com.br\/index.php\/wp-json\/wp\/v2\/product\/2432"}],"collection":[{"href":"https:\/\/www.emporioamazonervas.com.br\/index.php\/wp-json\/wp\/v2\/product"}],"about":[{"href":"https:\/\/www.emporioamazonervas.com.br\/index.php\/wp-json\/wp\/v2\/types\/product"}],"replies":[{"embeddable":true,"href":"https:\/\/www.emporioamazonervas.com.br\/index.php\/wp-json\/wp\/v2\/comments?post=2432"}],"wp:featuredmedia":[{"embeddable":true,"href":"https:\/\/www.emporioamazonervas.com.br\/index.php\/wp-json\/wp\/v2\/media\/2433"}],"wp:attachment":[{"href":"https:\/\/www.emporioamazonervas.com.br\/index.php\/wp-json\/wp\/v2\/media?parent=2432"}],"wp:term":[{"taxonomy":"product_cat","embeddable":true,"href":"https:\/\/www.emporioamazonervas.com.br\/index.php\/wp-json\/wp\/v2\/product_cat?post=2432"},{"taxonomy":"product_tag","embeddable":true,"href":"https:\/\/www.emporioamazonervas.com.br\/index.php\/wp-json\/wp\/v2\/product_tag?post=2432"}],"curies":[{"name":"wp","href":"https:\/\/api.w.org\/{rel}","templated":true}]}}