{"id":2430,"date":"2022-11-04T11:41:40","date_gmt":"2022-11-04T14:41:40","guid":{"rendered":"https:\/\/www.emporioamazonervas.com.br\/?post_type=product&#038;p=2430"},"modified":"2023-02-18T21:00:18","modified_gmt":"2023-02-19T00:00:18","slug":"glutamine-l-glutamina-isolada-100-150g-nutrify","status":"publish","type":"product","link":"https:\/\/www.emporioamazonervas.com.br\/index.php\/produto\/glutamine-l-glutamina-isolada-100-150g-nutrify\/","title":{"rendered":"Glutamine L-Glutamina Isolada 100% 150g &#8211; Nutrify"},"content":{"rendered":"<p style=\"text-align: justify\">Glutamine oferece 5g do amino\u00e1cido isolado L-glutamina por por\u00e7\u00e3o. Desenvolvida com mat\u00e9ria-prima Ajinomoto, garantido alto grau de pureza e absor\u00e7\u00e3o. Embora seja o amino\u00e1cido mais abundante no organismo, a glutamina \u00e9 conhecida com um amino\u00e1cido condicionalmente essencial, pois em determinadas situa\u00e7\u00f5es, como estresse extremo, patologias ou exerc\u00edcios de alta intensidade e longa dura\u00e7\u00e3o, sua demanda pode ser maior que a oferta.<\/p>\n<p style=\"text-align: justify\">A\u00a0<b>glutamina<\/b>\u00a0\u00e9 a maior fonte de energia do sistema imunol\u00f3gico. Est\u00e1 presente em diversas vias metab\u00f3licas, aumenta a s\u00edntese de prote\u00ednas da resposta inflamat\u00f3ria, potencializa as defesas antioxidantes e mant\u00e9m a integridade das c\u00e9lulas da mucosa intestinal.<\/p>\n","protected":false},"excerpt":{"rendered":"<p style=\"text-align: justify\">A\u00a0<b>glutamina<\/b>\u00a0\u00e9 a maior fonte de energia do sistema imunol\u00f3gico. Est\u00e1 presente em diversas vias metab\u00f3licas, aumenta a s\u00edntese de prote\u00ednas da resposta inflamat\u00f3ria, potencializa as defesas antioxidantes e mant\u00e9m a integridade das c\u00e9lulas da mucosa intestinal.<\/p>\n","protected":false},"featured_media":2431,"comment_status":"open","ping_status":"closed","template":"","meta":[],"product_cat":[131,589,39],"product_tag":[487,293,507,316,595,441,760,765],"_links":{"self":[{"href":"https:\/\/www.emporioamazonervas.com.br\/index.php\/wp-json\/wp\/v2\/product\/2430"}],"collection":[{"href":"https:\/\/www.emporioamazonervas.com.br\/index.php\/wp-json\/wp\/v2\/product"}],"about":[{"href":"https:\/\/www.emporioamazonervas.com.br\/index.php\/wp-json\/wp\/v2\/types\/product"}],"replies":[{"embeddable":true,"href":"https:\/\/www.emporioamazonervas.com.br\/index.php\/wp-json\/wp\/v2\/comments?post=2430"}],"wp:featuredmedia":[{"embeddable":true,"href":"https:\/\/www.emporioamazonervas.com.br\/index.php\/wp-json\/wp\/v2\/media\/2431"}],"wp:attachment":[{"href":"https:\/\/www.emporioamazonervas.com.br\/index.php\/wp-json\/wp\/v2\/media?parent=2430"}],"wp:term":[{"taxonomy":"product_cat","embeddable":true,"href":"https:\/\/www.emporioamazonervas.com.br\/index.php\/wp-json\/wp\/v2\/product_cat?post=2430"},{"taxonomy":"product_tag","embeddable":true,"href":"https:\/\/www.emporioamazonervas.com.br\/index.php\/wp-json\/wp\/v2\/product_tag?post=2430"}],"curies":[{"name":"wp","href":"https:\/\/api.w.org\/{rel}","templated":true}]}}