{"id":2410,"date":"2022-11-03T16:58:26","date_gmt":"2022-11-03T19:58:26","guid":{"rendered":"https:\/\/www.emporioamazonervas.com.br\/?post_type=product&#038;p=2410"},"modified":"2022-11-03T16:58:26","modified_gmt":"2022-11-03T19:58:26","slug":"juiced-up-matcha-com-laranja-e-acerola-200g-nutrify","status":"publish","type":"product","link":"https:\/\/www.emporioamazonervas.com.br\/index.php\/produto\/juiced-up-matcha-com-laranja-e-acerola-200g-nutrify\/","title":{"rendered":"Juiced Up Matcha com Laranja e Acerola 200g &#8211; Nutrify"},"content":{"rendered":"<p style=\"text-align: justify\">JUICED UP \u00e9 uma bebida naturalmente energ\u00e9tica, de baixo valor cal\u00f3rico, que ajuda voc\u00ea a realizar suas atividades di\u00e1rias com mais vitalidade e foco.<br \/>\nUma combina\u00e7\u00e3o perfeita entre guaran\u00e1, matcha org\u00e2nico, caf\u00e9 verde, c\u00farcuma, gengibre e pimenta vermelha em p\u00f3 que resulta num produto rico em polifen\u00f3is de a\u00e7\u00e3o antioxidante. A cafe\u00edna, reconhecida por seus efeitos neuroestimulantes, est\u00e1 presente na f\u00f3rmula de modo natural, derivada dos pr\u00f3prios ingredientes. Mantenha a sa\u00fade em alta de um jeito leve e revigorante com JUICED UP Nutrify.<\/p>\n<p style=\"text-align: justify\">A ingest\u00e3o di\u00e1ria de antioxidantes e polifen\u00f3is tem papel fundamental na preven\u00e7\u00e3o de doen\u00e7as e promo\u00e7\u00e3o de um estilo de vida saud\u00e1vel. Do mesmo modo, estudos demonstraram que guaran\u00e1, matcha, caf\u00e9 verde, c\u00farcuma, gengibre e pimenta vermelha possuem atividade anti-inflamat\u00f3ria, antimicrobiana, antioxidante, anticarcinog\u00eanica, fotoprotetora, hipolipemiante, imunoestimulante, coler\u00e9tic<span style=\"font-size: 1rem\">s com destaque para o \u00e1cido clorog\u00eanico, que apresenta propriedade antioxidante, anti-inflamat\u00f3ria e lipol\u00edtica<\/span><span style=\"font-size: 1rem\">a, hepatoprotetora, entre outras. Vale ressaltar que o caf\u00e9 verde presente na formula\u00e7\u00e3o foi obtido por meio de moagem seguida de microniza\u00e7\u00e3o dos gr\u00e3os, mantendo todos os componentes hidrossol\u00favei<\/span><\/p>\n","protected":false},"excerpt":{"rendered":"<p style=\"text-align: justify\">JUICED UP \u00e9 uma bebida naturalmente energ\u00e9tica, de baixo valor cal\u00f3rico, que ajuda voc\u00ea a realizar suas atividades di\u00e1rias com mais vitalidade e foco.<\/p>\n","protected":false},"featured_media":2411,"comment_status":"open","ping_status":"closed","template":"","meta":[],"product_cat":[131],"product_tag":[507,316,777,265,573,517,508,524],"_links":{"self":[{"href":"https:\/\/www.emporioamazonervas.com.br\/index.php\/wp-json\/wp\/v2\/product\/2410"}],"collection":[{"href":"https:\/\/www.emporioamazonervas.com.br\/index.php\/wp-json\/wp\/v2\/product"}],"about":[{"href":"https:\/\/www.emporioamazonervas.com.br\/index.php\/wp-json\/wp\/v2\/types\/product"}],"replies":[{"embeddable":true,"href":"https:\/\/www.emporioamazonervas.com.br\/index.php\/wp-json\/wp\/v2\/comments?post=2410"}],"wp:featuredmedia":[{"embeddable":true,"href":"https:\/\/www.emporioamazonervas.com.br\/index.php\/wp-json\/wp\/v2\/media\/2411"}],"wp:attachment":[{"href":"https:\/\/www.emporioamazonervas.com.br\/index.php\/wp-json\/wp\/v2\/media?parent=2410"}],"wp:term":[{"taxonomy":"product_cat","embeddable":true,"href":"https:\/\/www.emporioamazonervas.com.br\/index.php\/wp-json\/wp\/v2\/product_cat?post=2410"},{"taxonomy":"product_tag","embeddable":true,"href":"https:\/\/www.emporioamazonervas.com.br\/index.php\/wp-json\/wp\/v2\/product_tag?post=2410"}],"curies":[{"name":"wp","href":"https:\/\/api.w.org\/{rel}","templated":true}]}}