{"id":2406,"date":"2022-11-03T16:06:03","date_gmt":"2022-11-03T19:06:03","guid":{"rendered":"https:\/\/www.emporioamazonervas.com.br\/?post_type=product&#038;p=2406"},"modified":"2022-11-03T16:06:03","modified_gmt":"2022-11-03T19:06:03","slug":"hibisco-com-cha-branco-200g-clinicmais","status":"publish","type":"product","link":"https:\/\/www.emporioamazonervas.com.br\/index.php\/produto\/hibisco-com-cha-branco-200g-clinicmais\/","title":{"rendered":"Hibisco com Ch\u00e1 Branco 200g &#8211; ClinicMais"},"content":{"rendered":"<p style=\"text-align: justify\">Produto \u00e0 base de Hibisco com Ch\u00e1 Branco, enriquecido com Vitaminas e Minerais, sabor Hibisco.<\/p>\n<p>A combina\u00e7\u00e3o resulta em um potente antioxidante, que auxilia nas dietas de emagrecimento e estimula a queima de gordura corporal, facilita a digest\u00e3o, regulariza o funcionamento do intestino e possui a\u00e7\u00e3o diur\u00e9tica, combatendo a reten\u00e7\u00e3o de l\u00edquidos. Ideal para quem deseja perder os quilinhos indesej\u00e1veis<\/p>\n<p>\u00c9 tamb\u00e9m digestivo e contribui para a redu\u00e7\u00e3o do colesterol ruim. J\u00e1 o Ch\u00e1 Branco intensifica a bebida como ch\u00e1 diur\u00e9tico\u00a0e antioxidante.<\/p>\n<p style=\"text-align: justify\">&#8211; N\u00c3O CONT\u00c9M GL\u00daTE<\/p>\n<p style=\"text-align: justify\">\n","protected":false},"excerpt":{"rendered":"<p>Produto \u00e0 base de Hibisco com Ch\u00e1 Branco, enriquecido com Vitaminas e Minerais, sabor Hibisco.<a class=\"read-more\" href=\"https:\/\/www.emporioamazonervas.com.br\/index.php\/produto\/hibisco-com-cha-branco-200g-clinicmais\/\">&#8230;<\/a><\/p>\n","protected":false},"featured_media":2407,"comment_status":"open","ping_status":"closed","template":"","meta":[],"product_cat":[131],"product_tag":[316,783,528,784,301,631,725,722,785],"_links":{"self":[{"href":"https:\/\/www.emporioamazonervas.com.br\/index.php\/wp-json\/wp\/v2\/product\/2406"}],"collection":[{"href":"https:\/\/www.emporioamazonervas.com.br\/index.php\/wp-json\/wp\/v2\/product"}],"about":[{"href":"https:\/\/www.emporioamazonervas.com.br\/index.php\/wp-json\/wp\/v2\/types\/product"}],"replies":[{"embeddable":true,"href":"https:\/\/www.emporioamazonervas.com.br\/index.php\/wp-json\/wp\/v2\/comments?post=2406"}],"wp:featuredmedia":[{"embeddable":true,"href":"https:\/\/www.emporioamazonervas.com.br\/index.php\/wp-json\/wp\/v2\/media\/2407"}],"wp:attachment":[{"href":"https:\/\/www.emporioamazonervas.com.br\/index.php\/wp-json\/wp\/v2\/media?parent=2406"}],"wp:term":[{"taxonomy":"product_cat","embeddable":true,"href":"https:\/\/www.emporioamazonervas.com.br\/index.php\/wp-json\/wp\/v2\/product_cat?post=2406"},{"taxonomy":"product_tag","embeddable":true,"href":"https:\/\/www.emporioamazonervas.com.br\/index.php\/wp-json\/wp\/v2\/product_tag?post=2406"}],"curies":[{"name":"wp","href":"https:\/\/api.w.org\/{rel}","templated":true}]}}