{"id":2398,"date":"2022-11-03T13:01:04","date_gmt":"2022-11-03T16:01:04","guid":{"rendered":"https:\/\/www.emporioamazonervas.com.br\/?post_type=product&#038;p=2398"},"modified":"2022-11-03T15:33:41","modified_gmt":"2022-11-03T18:33:41","slug":"thermovid","status":"publish","type":"product","link":"https:\/\/www.emporioamazonervas.com.br\/index.php\/produto\/thermovid\/","title":{"rendered":"Thermovid Laranja Moro 200g &#8211; Videira 7"},"content":{"rendered":"<p style=\"text-align: justify\">O termog\u00eanico com base da laranja moro que al\u00e9m de carregar a vitamina C, pot\u00e1ssio, c\u00e1lcio e ferro, ainda tem um importante papel como antioxidante que garante o rejuvenescimento da pele. Formulado com mat\u00e9rias-primas poderosas para um bom condicionamento f\u00edsico e emagrecedor, o thermovid da Videira 7, \u00e9 composto por ch\u00e1 verde, carqueja, picolinato de cromo, guaran\u00e1 em p\u00f3.<\/p>\n","protected":false},"excerpt":{"rendered":"<p style=\"text-align: justify\">Formulado com mat\u00e9rias-primas poderosas para um bom condicionamento f\u00edsico e emagrecedor, o thermovid da Videira 7, \u00e9 composto por ch\u00e1 verde, carqueja, picolinato de cromo, guaran\u00e1 em p\u00f3.<\/p>\n","protected":false},"featured_media":2401,"comment_status":"open","ping_status":"closed","template":"","meta":[],"product_cat":[131],"product_tag":[316,782,229,613,187,135,543,330,133,113],"_links":{"self":[{"href":"https:\/\/www.emporioamazonervas.com.br\/index.php\/wp-json\/wp\/v2\/product\/2398"}],"collection":[{"href":"https:\/\/www.emporioamazonervas.com.br\/index.php\/wp-json\/wp\/v2\/product"}],"about":[{"href":"https:\/\/www.emporioamazonervas.com.br\/index.php\/wp-json\/wp\/v2\/types\/product"}],"replies":[{"embeddable":true,"href":"https:\/\/www.emporioamazonervas.com.br\/index.php\/wp-json\/wp\/v2\/comments?post=2398"}],"wp:featuredmedia":[{"embeddable":true,"href":"https:\/\/www.emporioamazonervas.com.br\/index.php\/wp-json\/wp\/v2\/media\/2401"}],"wp:attachment":[{"href":"https:\/\/www.emporioamazonervas.com.br\/index.php\/wp-json\/wp\/v2\/media?parent=2398"}],"wp:term":[{"taxonomy":"product_cat","embeddable":true,"href":"https:\/\/www.emporioamazonervas.com.br\/index.php\/wp-json\/wp\/v2\/product_cat?post=2398"},{"taxonomy":"product_tag","embeddable":true,"href":"https:\/\/www.emporioamazonervas.com.br\/index.php\/wp-json\/wp\/v2\/product_tag?post=2398"}],"curies":[{"name":"wp","href":"https:\/\/api.w.org\/{rel}","templated":true}]}}