{"id":2391,"date":"2022-10-28T19:08:10","date_gmt":"2022-10-28T22:08:10","guid":{"rendered":"https:\/\/www.emporioamazonervas.com.br\/?post_type=product&#038;p=2391"},"modified":"2022-10-28T19:08:10","modified_gmt":"2022-10-28T22:08:10","slug":"chia-com-cha-verde-sabor-frutas-negras-zero-acucar-200g-clinicmais","status":"publish","type":"product","link":"https:\/\/www.emporioamazonervas.com.br\/index.php\/produto\/chia-com-cha-verde-sabor-frutas-negras-zero-acucar-200g-clinicmais\/","title":{"rendered":"Chia com Ch\u00e1 Verde Sabor: Frutas Negras Zero A\u00e7\u00facar 200g &#8211; ClinicMais"},"content":{"rendered":"<p>Este produto conta com a chia, que \u00e9 aliada da boa forma, pois suas fibras agem como inibidoras do apetite. Quando combinada com ch\u00e1 verde promove a\u00e7\u00e3o termog\u00eanica, acelerando o metabolismo e promovendo maior queima de gordura na regi\u00e3o abdominal.<\/p>\n<p>Por conter alto teor de fibras, ajuda a regular o intestino, auxilia na redu\u00e7\u00e3o do colesterol e melhora a imunidade do organismo.<\/p>\n<p>O ch\u00e1 Verde\u00a0\u00e9 rico em\u00a0polifen\u00f3is\u00a0(catequinas), uma subst\u00e2ncia antioxidante, que combate a\u00a0a\u00e7\u00e3o dos radicais livres, tamb\u00e9m tem efeito positivo na preven\u00e7\u00e3o alguns tipos de doen\u00e7as e no envelhecimento precoce da pele.<\/p>\n<p>&#8211; N\u00e3o cont\u00e9m adi\u00e7\u00e3o de a\u00e7\u00facares.<br \/>\n&#8211; Cont\u00e9m Vitaminas e Minerais.<\/p>\n<p>&#8211; PODE CONTER TRA\u00c7OS DE SOJA E LEITE.<\/p>\n<p>&#8211; N\u00c3O CONT\u00c9M GL\u00daTEN.<\/p>\n","protected":false},"excerpt":{"rendered":"<p>Este produto conta com a chia, que \u00e9 aliada da boa forma, pois suas fibras<a class=\"read-more\" href=\"https:\/\/www.emporioamazonervas.com.br\/index.php\/produto\/chia-com-cha-verde-sabor-frutas-negras-zero-acucar-200g-clinicmais\/\">&#8230;<\/a><\/p>\n","protected":false},"featured_media":2392,"comment_status":"open","ping_status":"closed","template":"","meta":[],"product_cat":[131],"product_tag":[316,229,72,187,593,631,520,512,725,722,556,133],"_links":{"self":[{"href":"https:\/\/www.emporioamazonervas.com.br\/index.php\/wp-json\/wp\/v2\/product\/2391"}],"collection":[{"href":"https:\/\/www.emporioamazonervas.com.br\/index.php\/wp-json\/wp\/v2\/product"}],"about":[{"href":"https:\/\/www.emporioamazonervas.com.br\/index.php\/wp-json\/wp\/v2\/types\/product"}],"replies":[{"embeddable":true,"href":"https:\/\/www.emporioamazonervas.com.br\/index.php\/wp-json\/wp\/v2\/comments?post=2391"}],"wp:featuredmedia":[{"embeddable":true,"href":"https:\/\/www.emporioamazonervas.com.br\/index.php\/wp-json\/wp\/v2\/media\/2392"}],"wp:attachment":[{"href":"https:\/\/www.emporioamazonervas.com.br\/index.php\/wp-json\/wp\/v2\/media?parent=2391"}],"wp:term":[{"taxonomy":"product_cat","embeddable":true,"href":"https:\/\/www.emporioamazonervas.com.br\/index.php\/wp-json\/wp\/v2\/product_cat?post=2391"},{"taxonomy":"product_tag","embeddable":true,"href":"https:\/\/www.emporioamazonervas.com.br\/index.php\/wp-json\/wp\/v2\/product_tag?post=2391"}],"curies":[{"name":"wp","href":"https:\/\/api.w.org\/{rel}","templated":true}]}}