{"id":2385,"date":"2022-10-28T18:45:00","date_gmt":"2022-10-28T21:45:00","guid":{"rendered":"https:\/\/www.emporioamazonervas.com.br\/?post_type=product&#038;p=2385"},"modified":"2022-10-28T18:45:01","modified_gmt":"2022-10-28T21:45:01","slug":"biofit-cha-verde-c-couve-salvia-e-salsa-sabor-abacaxi-hortela-200g-clinicmais","status":"publish","type":"product","link":"https:\/\/www.emporioamazonervas.com.br\/index.php\/produto\/biofit-cha-verde-c-couve-salvia-e-salsa-sabor-abacaxi-hortela-200g-clinicmais\/","title":{"rendered":"BioFit Ch\u00e1 Verde c\/ Couve S\u00e1lvia e Salsa. Sabor: Abacaxi\/Hortel\u00e3 200g &#8211; ClinicMais"},"content":{"rendered":"<p style=\"text-align: justify\">O Ch\u00e1 Verde Biofit \u00e9 uma bebida deliciosa composta de ch\u00e1 verde com Couve, S\u00e1lvia e Salsa, al\u00e9m de vitaminas e minerais. Ele \u00e9 rico em subst\u00e2ncias antioxidantes que combatem os efeitos prejudiciais dos radicais livres, como envelhecimento precoce da pele e algumas doen\u00e7as. Al\u00e9m disso, o Ch\u00e1 Verde possui propriedades termog\u00eanicas, que auxiliam no emagrecimento.<\/p>\n<p>\u2013 N\u00c3O CONT\u00c9M GL\u00daTEN.<\/p>\n<p>\u2013 N\u00e3o cont\u00e9m lactase.<\/p>\n<p>\u2013 N\u00e3o cont\u00e9m adi\u00e7\u00e3o de a\u00e7\u00facares.<\/p>\n","protected":false},"excerpt":{"rendered":"<p>O Ch\u00e1 Verde Biofit \u00e9 uma bebida deliciosa composta de ch\u00e1 verde com Couve, S\u00e1lvia<a class=\"read-more\" href=\"https:\/\/www.emporioamazonervas.com.br\/index.php\/produto\/biofit-cha-verde-c-couve-salvia-e-salsa-sabor-abacaxi-hortela-200g-clinicmais\/\">&#8230;<\/a><\/p>\n","protected":false},"featured_media":2386,"comment_status":"open","ping_status":"closed","template":"","meta":[],"product_cat":[131],"product_tag":[316,229,779,187,593,310,520,781,780,556,133,399],"_links":{"self":[{"href":"https:\/\/www.emporioamazonervas.com.br\/index.php\/wp-json\/wp\/v2\/product\/2385"}],"collection":[{"href":"https:\/\/www.emporioamazonervas.com.br\/index.php\/wp-json\/wp\/v2\/product"}],"about":[{"href":"https:\/\/www.emporioamazonervas.com.br\/index.php\/wp-json\/wp\/v2\/types\/product"}],"replies":[{"embeddable":true,"href":"https:\/\/www.emporioamazonervas.com.br\/index.php\/wp-json\/wp\/v2\/comments?post=2385"}],"wp:featuredmedia":[{"embeddable":true,"href":"https:\/\/www.emporioamazonervas.com.br\/index.php\/wp-json\/wp\/v2\/media\/2386"}],"wp:attachment":[{"href":"https:\/\/www.emporioamazonervas.com.br\/index.php\/wp-json\/wp\/v2\/media?parent=2385"}],"wp:term":[{"taxonomy":"product_cat","embeddable":true,"href":"https:\/\/www.emporioamazonervas.com.br\/index.php\/wp-json\/wp\/v2\/product_cat?post=2385"},{"taxonomy":"product_tag","embeddable":true,"href":"https:\/\/www.emporioamazonervas.com.br\/index.php\/wp-json\/wp\/v2\/product_tag?post=2385"}],"curies":[{"name":"wp","href":"https:\/\/api.w.org\/{rel}","templated":true}]}}