{"id":2383,"date":"2022-10-28T18:28:01","date_gmt":"2022-10-28T21:28:01","guid":{"rendered":"https:\/\/www.emporioamazonervas.com.br\/?post_type=product&#038;p=2383"},"modified":"2022-10-28T18:28:01","modified_gmt":"2022-10-28T21:28:01","slug":"desincoffee-extreme-energy-220g-desincha","status":"publish","type":"product","link":"https:\/\/www.emporioamazonervas.com.br\/index.php\/produto\/desincoffee-extreme-energy-220g-desincha\/","title":{"rendered":"Desincoffee Extreme Energy 220g &#8211; Desinch\u00e1"},"content":{"rendered":"<p class=\"desincoffeeExtreme-explosaoEnergia-containerText-title\">Explos\u00e3o de energia com Desincoffee expresso e extremo.<\/p>\n<p class=\"desincoffeeExtreme-explosaoEnergia-containerText-p\" style=\"text-align: justify\" data-v-22085620=\"\">Prepare-se para ser elevado \u00e0 m\u00e1xima pot\u00eancia com a vers\u00e3o extrema do Desincoffee, da Desinch\u00e1. Desincoffee Extreme Energy tem a perfeita propor\u00e7\u00e3o de taurina com cafe\u00edna time release e o sabor \u00fanico do caf\u00e9 expresso mais intenso.<\/p>\n<p class=\"desincoffeeExtreme-explosaoEnergia-containerText-p\" style=\"text-align: justify\" data-v-22085620=\"\">S\u00e3o 120 mg de cafe\u00edna e 650 mg de taurina para ir at\u00e9 a \u00faltima gota. M\u00e1xima performance para treinar, alto desempenho no trabalho ou estudo, maior concentra\u00e7\u00e3o para games. O caf\u00e9 da Desinch\u00e1 com 50% a mais de cafe\u00edna, 14 ingredientes premium e sem a\u00e7\u00facares. Para que suas atividades terminem, mas sua energia nunca.<\/p>\n<p class=\"desincoffeeExtreme-explosaoEnergia-containerText-p\" style=\"text-align: justify\" data-v-22085620=\"\">ATIVE SEU MODO EXTREME.<\/p>\n<p data-v-22085620=\"\">Benef\u00edcios:<\/p>\n<ul>\n<li>atua como pr\u00e9-treino e auxilia no desempenho;<\/li>\n<li>maior foco e concentra\u00e7\u00e3o em atividades cotidianas;<\/li>\n<li>energia para atividades do dia a dia.<\/li>\n<\/ul>\n<p data-v-22085620=\"\">\n","protected":false},"excerpt":{"rendered":"<p>Explos\u00e3o de energia com Desincoffee expresso e extremo. Prepare-se para ser elevado \u00e0 m\u00e1xima pot\u00eancia<a class=\"read-more\" href=\"https:\/\/www.emporioamazonervas.com.br\/index.php\/produto\/desincoffee-extreme-energy-220g-desincha\/\">&#8230;<\/a><\/p>\n","protected":false},"featured_media":2384,"comment_status":"open","ping_status":"closed","template":"","meta":[],"product_cat":[131],"product_tag":[775,776,136,613,573,772,769,591,137],"_links":{"self":[{"href":"https:\/\/www.emporioamazonervas.com.br\/index.php\/wp-json\/wp\/v2\/product\/2383"}],"collection":[{"href":"https:\/\/www.emporioamazonervas.com.br\/index.php\/wp-json\/wp\/v2\/product"}],"about":[{"href":"https:\/\/www.emporioamazonervas.com.br\/index.php\/wp-json\/wp\/v2\/types\/product"}],"replies":[{"embeddable":true,"href":"https:\/\/www.emporioamazonervas.com.br\/index.php\/wp-json\/wp\/v2\/comments?post=2383"}],"wp:featuredmedia":[{"embeddable":true,"href":"https:\/\/www.emporioamazonervas.com.br\/index.php\/wp-json\/wp\/v2\/media\/2384"}],"wp:attachment":[{"href":"https:\/\/www.emporioamazonervas.com.br\/index.php\/wp-json\/wp\/v2\/media?parent=2383"}],"wp:term":[{"taxonomy":"product_cat","embeddable":true,"href":"https:\/\/www.emporioamazonervas.com.br\/index.php\/wp-json\/wp\/v2\/product_cat?post=2383"},{"taxonomy":"product_tag","embeddable":true,"href":"https:\/\/www.emporioamazonervas.com.br\/index.php\/wp-json\/wp\/v2\/product_tag?post=2383"}],"curies":[{"name":"wp","href":"https:\/\/api.w.org\/{rel}","templated":true}]}}