{"id":2379,"date":"2022-10-28T11:53:54","date_gmt":"2022-10-28T14:53:54","guid":{"rendered":"https:\/\/www.emporioamazonervas.com.br\/?post_type=product&#038;p=2379"},"modified":"2022-10-28T11:53:54","modified_gmt":"2022-10-28T14:53:54","slug":"desincoffee-chocolate-belga-220g-desincha","status":"publish","type":"product","link":"https:\/\/www.emporioamazonervas.com.br\/index.php\/produto\/desincoffee-chocolate-belga-220g-desincha\/","title":{"rendered":"Desincoffee Chocolate Belga 220g &#8211; Desinch\u00e1"},"content":{"rendered":"<p class=\"textPhoto-text\" style=\"text-align: justify\" data-v-54a7ba5f=\"\">Desincoffee \u00e9 uma bebida revolucion\u00e1ria \u00e0 base de caf\u00e9 com mais 13 ingredientes incr\u00edveis, totalmente diferente de tudo que voc\u00ea j\u00e1 provou.<\/p>\n<p class=\"textPhoto-text\" style=\"text-align: justify\" data-v-54a7ba5f=\"\">Combina ingredientes premium em uma formula\u00e7\u00e3o exclusiva, elaborada por nutricionistas.<br \/>\nPossui 80mg de cafe\u00edna por por\u00e7\u00e3o que auxilia no aumento do estado de alerta e na melhora da concentra\u00e7\u00e3o.<\/p>\n<div class=\"beneficios-text1-yellow\" data-v-3d1d1846=\"\">\n<div class=\"beneficios-text1\" style=\"text-align: justify\" data-v-3d1d1846=\"\">CAF\u00c9 100% AR\u00c1BICA; TCM; CH\u00c1 VERDE; CH\u00c1 MATE; CANELA; CACAU; COENZIMA Q10;\u00a0 GLUTAMINA; COLINA; L-CARNITINA; PICOLINATO DE CROMO; VITAMINAS DO COMPLEXO B E CAFE\u00cdNA ANIDRA.<\/div>\n<\/div>\n<p style=\"text-align: justify\">Tudo isso com muito, muito sabor e baixas calorias. Como voc\u00ea nunca viu em um\u00a0caf\u00e9 bulletproof.<\/p>\n","protected":false},"excerpt":{"rendered":"<p>Desincoffee \u00e9 uma bebida revolucion\u00e1ria \u00e0 base de caf\u00e9 com mais 13 ingredientes incr\u00edveis, totalmente<a class=\"read-more\" href=\"https:\/\/www.emporioamazonervas.com.br\/index.php\/produto\/desincoffee-chocolate-belga-220g-desincha\/\">&#8230;<\/a><\/p>\n","protected":false},"featured_media":2380,"comment_status":"open","ping_status":"closed","template":"","meta":[],"product_cat":[131],"product_tag":[775,777,776,136,652,581,774,360,441,778],"_links":{"self":[{"href":"https:\/\/www.emporioamazonervas.com.br\/index.php\/wp-json\/wp\/v2\/product\/2379"}],"collection":[{"href":"https:\/\/www.emporioamazonervas.com.br\/index.php\/wp-json\/wp\/v2\/product"}],"about":[{"href":"https:\/\/www.emporioamazonervas.com.br\/index.php\/wp-json\/wp\/v2\/types\/product"}],"replies":[{"embeddable":true,"href":"https:\/\/www.emporioamazonervas.com.br\/index.php\/wp-json\/wp\/v2\/comments?post=2379"}],"wp:featuredmedia":[{"embeddable":true,"href":"https:\/\/www.emporioamazonervas.com.br\/index.php\/wp-json\/wp\/v2\/media\/2380"}],"wp:attachment":[{"href":"https:\/\/www.emporioamazonervas.com.br\/index.php\/wp-json\/wp\/v2\/media?parent=2379"}],"wp:term":[{"taxonomy":"product_cat","embeddable":true,"href":"https:\/\/www.emporioamazonervas.com.br\/index.php\/wp-json\/wp\/v2\/product_cat?post=2379"},{"taxonomy":"product_tag","embeddable":true,"href":"https:\/\/www.emporioamazonervas.com.br\/index.php\/wp-json\/wp\/v2\/product_tag?post=2379"}],"curies":[{"name":"wp","href":"https:\/\/api.w.org\/{rel}","templated":true}]}}