{"id":2366,"date":"2022-10-19T12:36:41","date_gmt":"2022-10-19T15:36:41","guid":{"rendered":"https:\/\/www.emporioamazonervas.com.br\/?post_type=product&#038;p=2366"},"modified":"2022-10-19T12:36:41","modified_gmt":"2022-10-19T15:36:41","slug":"bcaa-energy-lemon-lime-240g-integralmedica","status":"publish","type":"product","link":"https:\/\/www.emporioamazonervas.com.br\/index.php\/produto\/bcaa-energy-lemon-lime-240g-integralmedica\/","title":{"rendered":"BCAA Energy Lemon Lime 240g &#8211; Integralm\u00e9dica"},"content":{"rendered":"<p><strong>BCAA Energy<\/strong>\u00a0\u00e9 a chave para\u00a0<strong>alcan\u00e7ar a mais alta intensidade e ainda acelerar o processo de recupera\u00e7\u00e3o muscular<\/strong>.<\/p>\n<p>Isso permite que voc\u00ea treine com mais qualidade durante todos os dias da semana.<\/p>\n<p>Um\u00a0<strong>pr\u00e9-treino<\/strong>\u00a0completo a base de BCAA, cafe\u00edna, taurina e arginina. Com a sua formula\u00e7\u00e3o \u00fanica e concentrada, vai muito al\u00e9m de um estimulante comum ou de um BCAA isolado, pois sua combina\u00e7\u00e3o de nutrientes permite que o treino seja intenso sem perder o foco durante os exerc\u00edcios e que o resultado no pump, seja imediato<\/p>\n<div class=\"__bs-whats-for-checks\">\n<div class=\"__bs-whats-for-check-container\">\n<ul>\n<li class=\"__bs-whats-for-text\">Aumento de energia;<\/li>\n<li>Melhora o desempenho durante os treinos;<\/li>\n<li>M\u00e1xima energia muscular.<\/li>\n<\/ul>\n<\/div>\n<div class=\"__bs-whats-for-check\"><strong style=\"font-size: 1rem\">BCAA Energy<\/strong><span style=\"font-size: 1rem\">\u00a0\u00e9 um eficiente aliado para o\u00a0<\/span><strong style=\"font-size: 1rem\">ganho de desempenho em sua rotina de treinos<\/strong><span style=\"font-size: 1rem\">.<\/span><\/div>\n<\/div>\n<div class=\"__bs-whats-for-info\">\n<p class=\"__bs-whats-for-info-text\">Sua f\u00f3rmula cont\u00e9m\u00a0<strong>BCAA<\/strong>, que auxilia no\u00a0<strong>ganho de massa muscular<\/strong>, que acelera o processo de recupera\u00e7\u00e3o atrav\u00e9s da diminui\u00e7\u00e3o das dores dos treinos intensos, aumenta a disponibilidade de energia e diminui a fadiga durante os treinos.<\/p>\n<p class=\"__bs-whats-for-info-text\">Outro nutriente presente no BCAA Energy \u00e9 a\u00a0<strong>cafe\u00edna<\/strong>, que aumenta a disponibilidade de energia atrav\u00e9s da quebra de gorduras durante o exerc\u00edcio, aumenta o est\u00edmulo para que o treino seja mais intenso e, consequentemente, haja maiores\u00a0<strong>ganhos de for\u00e7a<\/strong>\u00a0e\u00a0<strong>massa muscular<\/strong>.<\/p>\n<p class=\"__bs-whats-for-info-text\">J\u00e1 a taurina favorece o foco mental para a realiza\u00e7\u00e3o dos exerc\u00edcios, e a arginina amplia a vasodilata\u00e7\u00e3o e, consequentemente, o pump muscular. De baixo valor cal\u00f3rico, sem adi\u00e7\u00e3o de a\u00e7\u00facares ou corantes artificiais.<\/p>\n<\/div>\n","protected":false},"excerpt":{"rendered":"<p>BCAA Energy\u00a0\u00e9 a chave para\u00a0alcan\u00e7ar a mais alta intensidade e ainda acelerar o processo de<a class=\"read-more\" href=\"https:\/\/www.emporioamazonervas.com.br\/index.php\/produto\/bcaa-energy-lemon-lime-240g-integralmedica\/\">&#8230;<\/a><\/p>\n","protected":false},"featured_media":2367,"comment_status":"open","ping_status":"closed","template":"","meta":[],"product_cat":[131,589],"product_tag":[771,292,613,402,772,188,769],"_links":{"self":[{"href":"https:\/\/www.emporioamazonervas.com.br\/index.php\/wp-json\/wp\/v2\/product\/2366"}],"collection":[{"href":"https:\/\/www.emporioamazonervas.com.br\/index.php\/wp-json\/wp\/v2\/product"}],"about":[{"href":"https:\/\/www.emporioamazonervas.com.br\/index.php\/wp-json\/wp\/v2\/types\/product"}],"replies":[{"embeddable":true,"href":"https:\/\/www.emporioamazonervas.com.br\/index.php\/wp-json\/wp\/v2\/comments?post=2366"}],"wp:featuredmedia":[{"embeddable":true,"href":"https:\/\/www.emporioamazonervas.com.br\/index.php\/wp-json\/wp\/v2\/media\/2367"}],"wp:attachment":[{"href":"https:\/\/www.emporioamazonervas.com.br\/index.php\/wp-json\/wp\/v2\/media?parent=2366"}],"wp:term":[{"taxonomy":"product_cat","embeddable":true,"href":"https:\/\/www.emporioamazonervas.com.br\/index.php\/wp-json\/wp\/v2\/product_cat?post=2366"},{"taxonomy":"product_tag","embeddable":true,"href":"https:\/\/www.emporioamazonervas.com.br\/index.php\/wp-json\/wp\/v2\/product_tag?post=2366"}],"curies":[{"name":"wp","href":"https:\/\/api.w.org\/{rel}","templated":true}]}}