{"id":2364,"date":"2022-10-19T12:23:37","date_gmt":"2022-10-19T15:23:37","guid":{"rendered":"https:\/\/www.emporioamazonervas.com.br\/?post_type=product&#038;p=2364"},"modified":"2023-02-18T21:00:37","modified_gmt":"2023-02-19T00:00:37","slug":"huger-pre-workout-sabor-apple-dream-160g-integralmedica","status":"publish","type":"product","link":"https:\/\/www.emporioamazonervas.com.br\/index.php\/produto\/huger-pre-workout-sabor-apple-dream-160g-integralmedica\/","title":{"rendered":"Huger Pr\u00e9-Workout Sabor Apple Dream 160g  &#8211; Integralm\u00e9dica"},"content":{"rendered":"<p><strong>Huger \u00e9 o pr\u00e9-treino<\/strong>\u00a0que tem o objetivo de te levar as maiores conquistas.<\/p>\n<p><strong>Inovador e ultra concentrado te faz alcan\u00e7ar o maior foco e desempenho nos treinos<\/strong>. Sua formula\u00e7\u00e3o \u00e9 completa e conta com ingredientes sin\u00e9rgicos.<\/p>\n<p><strong>BETA-ALANINA<\/strong>: Um amino\u00e1cido extremamente importante para melhora do desempenho, uma vez que a sua a\u00e7\u00e3o tamponante diminui a acidose muscular, que causa a fadiga impedindo a melhor execu\u00e7\u00e3o dos exerc\u00edcios.<\/p>\n<p><strong>CAFE\u00cdNA<\/strong>: \u00c9 respons\u00e1vel pelo aumento do estado de alerta e melhora do desempenho, al\u00e9m de agir diretamente no m\u00fasculo potencializando o aumento de for\u00e7a e retardo da fadiga muscular.<\/p>\n<p><strong>ARGININA<\/strong>: Potente vasodilatador, que faz com que o recebimento de nutrientes no m\u00fasculo seja aumentado, melhorando a performance e otimizando a recupera\u00e7\u00e3o por ser precursor de \u00f3xido n\u00edtrico (NO).<\/p>\n<p><strong>TIROSINA<\/strong>: Precursora de dopamina que \u00e9 uma das subst\u00e2ncias respons\u00e1veis pelo bem-estar e de foco mental, sensa\u00e7\u00f5es importantes para o momento pr\u00e9-treino.<\/p>\n<p><strong>TAURINA<\/strong>: Atua no sistema muscular, fortalecendo o processo de contra\u00e7\u00e3o e aumento de resist\u00eancia. No sistema nervoso central atua melhorando o foco e a concentra\u00e7\u00e3o de grandes atletas.<\/p>\n<p><strong>COLINA<\/strong>: Grande aliada do esporte por possuir a\u00e7\u00e3o cerebral que confere vantagens aos atletas potencializando a concentra\u00e7\u00e3o e aumentando a precis\u00e3o de movimentos, al\u00e9m de ser um potente vasodilatador que maximiza o aporte de nutrientes para os tecidos.<\/p>\n","protected":false},"excerpt":{"rendered":"<p>Huger \u00e9 o pr\u00e9-treino\u00a0que tem o objetivo de te levar as maiores conquistas. Inovador e<a class=\"read-more\" href=\"https:\/\/www.emporioamazonervas.com.br\/index.php\/produto\/huger-pre-workout-sabor-apple-dream-160g-integralmedica\/\">&#8230;<\/a><\/p>\n","protected":false},"featured_media":2365,"comment_status":"open","ping_status":"closed","template":"","meta":[],"product_cat":[589],"product_tag":[293,767,762,136,368,581,770,769,608,137,768],"_links":{"self":[{"href":"https:\/\/www.emporioamazonervas.com.br\/index.php\/wp-json\/wp\/v2\/product\/2364"}],"collection":[{"href":"https:\/\/www.emporioamazonervas.com.br\/index.php\/wp-json\/wp\/v2\/product"}],"about":[{"href":"https:\/\/www.emporioamazonervas.com.br\/index.php\/wp-json\/wp\/v2\/types\/product"}],"replies":[{"embeddable":true,"href":"https:\/\/www.emporioamazonervas.com.br\/index.php\/wp-json\/wp\/v2\/comments?post=2364"}],"wp:featuredmedia":[{"embeddable":true,"href":"https:\/\/www.emporioamazonervas.com.br\/index.php\/wp-json\/wp\/v2\/media\/2365"}],"wp:attachment":[{"href":"https:\/\/www.emporioamazonervas.com.br\/index.php\/wp-json\/wp\/v2\/media?parent=2364"}],"wp:term":[{"taxonomy":"product_cat","embeddable":true,"href":"https:\/\/www.emporioamazonervas.com.br\/index.php\/wp-json\/wp\/v2\/product_cat?post=2364"},{"taxonomy":"product_tag","embeddable":true,"href":"https:\/\/www.emporioamazonervas.com.br\/index.php\/wp-json\/wp\/v2\/product_tag?post=2364"}],"curies":[{"name":"wp","href":"https:\/\/api.w.org\/{rel}","templated":true}]}}