{"id":2357,"date":"2022-10-19T12:00:28","date_gmt":"2022-10-19T15:00:28","guid":{"rendered":"https:\/\/www.emporioamazonervas.com.br\/?post_type=product&#038;p=2357"},"modified":"2022-10-19T12:00:29","modified_gmt":"2022-10-19T15:00:29","slug":"beta-alanina-pure-123g-integralmedica","status":"publish","type":"product","link":"https:\/\/www.emporioamazonervas.com.br\/index.php\/produto\/beta-alanina-pure-123g-integralmedica\/","title":{"rendered":"Beta Alanina Pure 123g &#8211; Integralm\u00e9dica"},"content":{"rendered":"<p>Com a\u00a0<strong>Beta Alanina <\/strong>voc\u00ea consegue\u00a0<strong>melhorar o seu desempenho nos treinos de alta intensidade<\/strong>.<\/p>\n<p>Uma pe\u00e7a chave para quem busca se desafiar e descobrir o limite do pr\u00f3prio corpo, a\u00a0<strong>Beta Alanina<\/strong>\u00a0retarda a sensa\u00e7\u00e3o de \u201cqueima\u00e7\u00e3o\u201d ou cansa\u00e7o muscular durante per\u00edodos de exerc\u00edcios intensos.<\/p>\n<p>Um suplemento que tamb\u00e9m possui\u00a0<strong>efeito antioxidante<\/strong>, respons\u00e1vel por diminuir o estresse oxidativo,\u00a0<strong>auxiliando na recupera\u00e7\u00e3o muscular<\/strong>. Ou seja, n\u00e3o s\u00f3 possibilita um treino mais pesado, como tamb\u00e9m auxilia o corpo a manter esse ritmo,\u00a0<strong>evitando queda de performance por falta de recupera\u00e7\u00e3o<\/strong>.<\/p>\n","protected":false},"excerpt":{"rendered":"<p>Com a\u00a0Beta Alanina voc\u00ea consegue\u00a0melhorar o seu desempenho nos treinos de alta intensidade. Uma pe\u00e7a<a class=\"read-more\" href=\"https:\/\/www.emporioamazonervas.com.br\/index.php\/produto\/beta-alanina-pure-123g-integralmedica\/\">&#8230;<\/a><\/p>\n","protected":false},"featured_media":2358,"comment_status":"open","ping_status":"closed","template":"","meta":[],"product_cat":[39],"product_tag":[316,764,762,613,672,763],"_links":{"self":[{"href":"https:\/\/www.emporioamazonervas.com.br\/index.php\/wp-json\/wp\/v2\/product\/2357"}],"collection":[{"href":"https:\/\/www.emporioamazonervas.com.br\/index.php\/wp-json\/wp\/v2\/product"}],"about":[{"href":"https:\/\/www.emporioamazonervas.com.br\/index.php\/wp-json\/wp\/v2\/types\/product"}],"replies":[{"embeddable":true,"href":"https:\/\/www.emporioamazonervas.com.br\/index.php\/wp-json\/wp\/v2\/comments?post=2357"}],"wp:featuredmedia":[{"embeddable":true,"href":"https:\/\/www.emporioamazonervas.com.br\/index.php\/wp-json\/wp\/v2\/media\/2358"}],"wp:attachment":[{"href":"https:\/\/www.emporioamazonervas.com.br\/index.php\/wp-json\/wp\/v2\/media?parent=2357"}],"wp:term":[{"taxonomy":"product_cat","embeddable":true,"href":"https:\/\/www.emporioamazonervas.com.br\/index.php\/wp-json\/wp\/v2\/product_cat?post=2357"},{"taxonomy":"product_tag","embeddable":true,"href":"https:\/\/www.emporioamazonervas.com.br\/index.php\/wp-json\/wp\/v2\/product_tag?post=2357"}],"curies":[{"name":"wp","href":"https:\/\/api.w.org\/{rel}","templated":true}]}}