{"id":2355,"date":"2022-10-19T11:51:44","date_gmt":"2022-10-19T14:51:44","guid":{"rendered":"https:\/\/www.emporioamazonervas.com.br\/?post_type=product&#038;p=2355"},"modified":"2022-11-22T17:21:27","modified_gmt":"2022-11-22T20:21:27","slug":"zma-testo-booster-60-caps-integralmedica","status":"publish","type":"product","link":"https:\/\/www.emporioamazonervas.com.br\/index.php\/produto\/zma-testo-booster-60-caps-integralmedica\/","title":{"rendered":"ZMA Testo Booster 60 caps &#8211; Integralm\u00e9dica"},"content":{"rendered":"<p><strong>ZMA Testo Booster cont\u00e9m ingredientes altamente concentrados que otimizam os n\u00edveis de testosterona, proporciona aumento de for\u00e7a e recupera\u00e7\u00e3o muscular<\/strong>. \u00c9 composto por zinco, magn\u00e9sio, vitamina B6 e adi\u00e7\u00e3o do amino\u00e1cido \u00e1cido asp\u00e1rtico, uma combina\u00e7\u00e3o de ingredientes que auxilia no metabolismo energ\u00e9tico e na s\u00edntese proteica, al\u00e9m de contribuir para um funcionamento muscular saud\u00e1vel.<\/p>\n<p>ZINCO &#8211; \u00c9 um micronutriente com propriedades antioxidantes e anti-inflamat\u00f3rias conferindo estabilidade estrutural \u00e0s membranas celulares. O zinco auxilia no metabolismo de prote\u00ednas, carboidratos e gorduras. O Zinco tamb\u00e9m auxilia na s\u00edntese de prote\u00ednas musculares.<\/p>\n<p>MAGN\u00c9SIO &#8211; Quarto mineral mais abundante no organismo, est\u00e1 envolvido em mais de 300 rea\u00e7\u00f5es metab\u00f3licas no nosso corpo, age como cofator na s\u00edntese proteica, na produ\u00e7\u00e3o e no armazenamento de energia celular e no metabolismo da glicose e insulina. O magn\u00e9sio auxilia no funcionamento muscular.<\/p>\n<p>VITAMINA B6 \u2013 Vitamina do complexo B, \u00e9 um micronutriente que desempenha diversas fun\u00e7\u00f5es no organismo, participa de v\u00e1rias rea\u00e7\u00f5es do metabolismo. Possui benef\u00edcios para o desempenho esportivo porque auxilia no metabolismo energ\u00e9tico, das prote\u00ednas, carboidratos e gorduras, com destaque para o metabolismo das prote\u00ednas.<\/p>\n<p>\u00c1CIDO ASP\u00c1RTICO &#8211; O \u00e1cido asp\u00e1rtico \u00e9 um amino\u00e1cido presente em tecidos do sistema nervoso central, reprodutivo e participa da regula\u00e7\u00e3o hormonal. O \u00e1cido asp\u00e1rtico est\u00e1 relacionado ao aumento da performance esportiva, principalmente por sua atua\u00e7\u00e3o no aumento da s\u00edntese natural da testosterona.<\/p>\n","protected":false},"excerpt":{"rendered":"<p>ZMA Testo Booster cont\u00e9m ingredientes altamente concentrados que otimizam os n\u00edveis de testosterona, proporciona aumento<a class=\"read-more\" href=\"https:\/\/www.emporioamazonervas.com.br\/index.php\/produto\/zma-testo-booster-60-caps-integralmedica\/\">&#8230;<\/a><\/p>\n","protected":false},"featured_media":2356,"comment_status":"open","ping_status":"closed","template":"","meta":[],"product_cat":[173],"product_tag":[759,613,175,559,758,760,761,140,115],"_links":{"self":[{"href":"https:\/\/www.emporioamazonervas.com.br\/index.php\/wp-json\/wp\/v2\/product\/2355"}],"collection":[{"href":"https:\/\/www.emporioamazonervas.com.br\/index.php\/wp-json\/wp\/v2\/product"}],"about":[{"href":"https:\/\/www.emporioamazonervas.com.br\/index.php\/wp-json\/wp\/v2\/types\/product"}],"replies":[{"embeddable":true,"href":"https:\/\/www.emporioamazonervas.com.br\/index.php\/wp-json\/wp\/v2\/comments?post=2355"}],"wp:featuredmedia":[{"embeddable":true,"href":"https:\/\/www.emporioamazonervas.com.br\/index.php\/wp-json\/wp\/v2\/media\/2356"}],"wp:attachment":[{"href":"https:\/\/www.emporioamazonervas.com.br\/index.php\/wp-json\/wp\/v2\/media?parent=2355"}],"wp:term":[{"taxonomy":"product_cat","embeddable":true,"href":"https:\/\/www.emporioamazonervas.com.br\/index.php\/wp-json\/wp\/v2\/product_cat?post=2355"},{"taxonomy":"product_tag","embeddable":true,"href":"https:\/\/www.emporioamazonervas.com.br\/index.php\/wp-json\/wp\/v2\/product_tag?post=2355"}],"curies":[{"name":"wp","href":"https:\/\/api.w.org\/{rel}","templated":true}]}}