{"id":2342,"date":"2022-09-28T12:44:16","date_gmt":"2022-09-28T15:44:16","guid":{"rendered":"https:\/\/www.emporioamazonervas.com.br\/?post_type=product&#038;p=2342"},"modified":"2023-03-21T10:32:30","modified_gmt":"2023-03-21T13:32:30","slug":"viagron-natus-60-caps-500mg-natus-verde","status":"publish","type":"product","link":"https:\/\/www.emporioamazonervas.com.br\/index.php\/produto\/viagron-natus-60-caps-500mg-natus-verde\/","title":{"rendered":"Viagron Natus 60 caps 500mg &#8211; Natus Verde"},"content":{"rendered":"<p style=\"text-align: justify\">Viagron \u00e9 ideal para quem procura solu\u00e7\u00e3o para a impot\u00eancia sexual, estimulando o apetite sexual, al\u00e9m de combater a fraqueza, indisposi\u00e7\u00e3o, cansa\u00e7o, estresse, nervos fracos, m\u00e1 circula\u00e7\u00e3o e diminuir a frigidez da mulher. Aumenta a libido, melhora a pot\u00eancia sexual.<\/p>\n","protected":false},"excerpt":{"rendered":"<p>Viagron \u00e9 ideal para quem procura solu\u00e7\u00e3o para a impot\u00eancia sexual, estimulando o apetite sexual,<a class=\"read-more\" href=\"https:\/\/www.emporioamazonervas.com.br\/index.php\/produto\/viagron-natus-60-caps-500mg-natus-verde\/\">&#8230;<\/a><\/p>\n","protected":false},"featured_media":2343,"comment_status":"open","ping_status":"closed","template":"","meta":[],"product_cat":[173],"product_tag":[754,592,511,755,621,756,327,757,582],"_links":{"self":[{"href":"https:\/\/www.emporioamazonervas.com.br\/index.php\/wp-json\/wp\/v2\/product\/2342"}],"collection":[{"href":"https:\/\/www.emporioamazonervas.com.br\/index.php\/wp-json\/wp\/v2\/product"}],"about":[{"href":"https:\/\/www.emporioamazonervas.com.br\/index.php\/wp-json\/wp\/v2\/types\/product"}],"replies":[{"embeddable":true,"href":"https:\/\/www.emporioamazonervas.com.br\/index.php\/wp-json\/wp\/v2\/comments?post=2342"}],"wp:featuredmedia":[{"embeddable":true,"href":"https:\/\/www.emporioamazonervas.com.br\/index.php\/wp-json\/wp\/v2\/media\/2343"}],"wp:attachment":[{"href":"https:\/\/www.emporioamazonervas.com.br\/index.php\/wp-json\/wp\/v2\/media?parent=2342"}],"wp:term":[{"taxonomy":"product_cat","embeddable":true,"href":"https:\/\/www.emporioamazonervas.com.br\/index.php\/wp-json\/wp\/v2\/product_cat?post=2342"},{"taxonomy":"product_tag","embeddable":true,"href":"https:\/\/www.emporioamazonervas.com.br\/index.php\/wp-json\/wp\/v2\/product_tag?post=2342"}],"curies":[{"name":"wp","href":"https:\/\/api.w.org\/{rel}","templated":true}]}}