{"id":2338,"date":"2022-09-28T12:30:42","date_gmt":"2022-09-28T15:30:42","guid":{"rendered":"https:\/\/www.emporioamazonervas.com.br\/?post_type=product&#038;p=2338"},"modified":"2023-03-21T10:32:04","modified_gmt":"2023-03-21T13:32:04","slug":"slim-waist-emagrecedor-60-caps-500mg-natus-verde","status":"publish","type":"product","link":"https:\/\/www.emporioamazonervas.com.br\/index.php\/produto\/slim-waist-emagrecedor-60-caps-500mg-natus-verde\/","title":{"rendered":"Slim Waist Emagrecedor 60 caps 500mg &#8211; Natus Verde"},"content":{"rendered":"<p style=\"text-align: justify\">Slim Whaist possui as subst\u00e2ncias certas, na medida exata para eliminar toxinas e eliminar as gorduras, mantendo a sa\u00fade do organismo, acelerando o metabolismo e dando energia e vitalidade para suas atividades di\u00e1rias. Al\u00e9m de diversas vitaminas e minerais essenciais.<\/p>\n","protected":false},"excerpt":{"rendered":"<p>Slim Whaist possui as subst\u00e2ncias certas, na medida exata para eliminar toxinas e eliminar as<a class=\"read-more\" href=\"https:\/\/www.emporioamazonervas.com.br\/index.php\/produto\/slim-waist-emagrecedor-60-caps-500mg-natus-verde\/\">&#8230;<\/a><\/p>\n","protected":false},"featured_media":2339,"comment_status":"open","ping_status":"closed","template":"","meta":[],"product_cat":[173],"product_tag":[587,541,749,573,595,310,399],"_links":{"self":[{"href":"https:\/\/www.emporioamazonervas.com.br\/index.php\/wp-json\/wp\/v2\/product\/2338"}],"collection":[{"href":"https:\/\/www.emporioamazonervas.com.br\/index.php\/wp-json\/wp\/v2\/product"}],"about":[{"href":"https:\/\/www.emporioamazonervas.com.br\/index.php\/wp-json\/wp\/v2\/types\/product"}],"replies":[{"embeddable":true,"href":"https:\/\/www.emporioamazonervas.com.br\/index.php\/wp-json\/wp\/v2\/comments?post=2338"}],"wp:featuredmedia":[{"embeddable":true,"href":"https:\/\/www.emporioamazonervas.com.br\/index.php\/wp-json\/wp\/v2\/media\/2339"}],"wp:attachment":[{"href":"https:\/\/www.emporioamazonervas.com.br\/index.php\/wp-json\/wp\/v2\/media?parent=2338"}],"wp:term":[{"taxonomy":"product_cat","embeddable":true,"href":"https:\/\/www.emporioamazonervas.com.br\/index.php\/wp-json\/wp\/v2\/product_cat?post=2338"},{"taxonomy":"product_tag","embeddable":true,"href":"https:\/\/www.emporioamazonervas.com.br\/index.php\/wp-json\/wp\/v2\/product_tag?post=2338"}],"curies":[{"name":"wp","href":"https:\/\/api.w.org\/{rel}","templated":true}]}}