{"id":2336,"date":"2022-09-28T12:10:19","date_gmt":"2022-09-28T15:10:19","guid":{"rendered":"https:\/\/www.emporioamazonervas.com.br\/?post_type=product&#038;p=2336"},"modified":"2022-09-28T12:10:19","modified_gmt":"2022-09-28T15:10:19","slug":"fitoesterois-60-caps-1000mg-clinicmais","status":"publish","type":"product","link":"https:\/\/www.emporioamazonervas.com.br\/index.php\/produto\/fitoesterois-60-caps-1000mg-clinicmais\/","title":{"rendered":"Fitoester\u00f3is 60 caps 1000mg &#8211; ClinicMais"},"content":{"rendered":"<p style=\"text-align: justify\">Os fitoester\u00f3is tem origem vegetal e apresentam estrutura qu\u00edmica semelhante ao colesterol. Eles competem pelo mesmo s\u00edtio de absor\u00e7\u00e3o e provocam a redu\u00e7\u00e3o do colesterol absorvido, impedindo que chegue a corrente sangu\u00ednea.<\/p>\n<p style=\"text-align: justify\">\u2022 Prote\u00e7\u00e3o Cardiovascular;<\/p>\n<p style=\"text-align: justify\">\u2022 Auxiliam na diminui\u00e7\u00e3o dos n\u00edveis de colesterol;<\/p>\n<p style=\"text-align: justify\">\u2022 Contribuem para a preven\u00e7\u00e3o de doen\u00e7as cardiovasculares.<\/p>\n","protected":false},"excerpt":{"rendered":"<p>Os fitoester\u00f3is tem origem vegetal e apresentam estrutura qu\u00edmica semelhante ao colesterol. Eles competem pelo<a class=\"read-more\" href=\"https:\/\/www.emporioamazonervas.com.br\/index.php\/produto\/fitoesterois-60-caps-1000mg-clinicmais\/\">&#8230;<\/a><\/p>\n","protected":false},"featured_media":2337,"comment_status":"open","ping_status":"closed","template":"","meta":[],"product_cat":[173],"product_tag":[595,748,747,725],"_links":{"self":[{"href":"https:\/\/www.emporioamazonervas.com.br\/index.php\/wp-json\/wp\/v2\/product\/2336"}],"collection":[{"href":"https:\/\/www.emporioamazonervas.com.br\/index.php\/wp-json\/wp\/v2\/product"}],"about":[{"href":"https:\/\/www.emporioamazonervas.com.br\/index.php\/wp-json\/wp\/v2\/types\/product"}],"replies":[{"embeddable":true,"href":"https:\/\/www.emporioamazonervas.com.br\/index.php\/wp-json\/wp\/v2\/comments?post=2336"}],"wp:featuredmedia":[{"embeddable":true,"href":"https:\/\/www.emporioamazonervas.com.br\/index.php\/wp-json\/wp\/v2\/media\/2337"}],"wp:attachment":[{"href":"https:\/\/www.emporioamazonervas.com.br\/index.php\/wp-json\/wp\/v2\/media?parent=2336"}],"wp:term":[{"taxonomy":"product_cat","embeddable":true,"href":"https:\/\/www.emporioamazonervas.com.br\/index.php\/wp-json\/wp\/v2\/product_cat?post=2336"},{"taxonomy":"product_tag","embeddable":true,"href":"https:\/\/www.emporioamazonervas.com.br\/index.php\/wp-json\/wp\/v2\/product_tag?post=2336"}],"curies":[{"name":"wp","href":"https:\/\/api.w.org\/{rel}","templated":true}]}}