{"id":2327,"date":"2022-09-27T19:05:00","date_gmt":"2022-09-27T22:05:00","guid":{"rendered":"https:\/\/www.emporioamazonervas.com.br\/?post_type=product&#038;p=2327"},"modified":"2023-03-21T10:31:43","modified_gmt":"2023-03-21T13:31:43","slug":"saude-da-mulher-60-caps-500mg-natus-verde","status":"publish","type":"product","link":"https:\/\/www.emporioamazonervas.com.br\/index.php\/produto\/saude-da-mulher-60-caps-500mg-natus-verde\/","title":{"rendered":"Sa\u00fade da Mulher 60 caps 500mg &#8211; Natus Verde"},"content":{"rendered":"<p style=\"text-align: justify\">Sa\u00fade da Mulher em c\u00e1psulas \u00e9 indicado em casos de inflama\u00e7\u00e3o no \u00fatero, corrimento, c\u00f3lica menstrual, ferida uterina, inflama\u00e7\u00e3o no ov\u00e1rio. Al\u00e9m de depurar o sangue, limpar a pele, regular a menstrua\u00e7\u00e3o e a menopausa. Produto contra indicado para gr\u00e1vidas, lactantes e crian\u00e7as.<\/p>\n<p>&nbsp;<\/p>\n","protected":false},"excerpt":{"rendered":"<p>Sa\u00fade da Mulher em c\u00e1psulas \u00e9 indicado em casos de inflama\u00e7\u00e3o no \u00fatero, corrimento, c\u00f3lica<a class=\"read-more\" href=\"https:\/\/www.emporioamazonervas.com.br\/index.php\/produto\/saude-da-mulher-60-caps-500mg-natus-verde\/\">&#8230;<\/a><\/p>\n","protected":false},"featured_media":2328,"comment_status":"open","ping_status":"closed","template":"","meta":[],"product_cat":[173],"product_tag":[738,741,739,730,740,240,742],"_links":{"self":[{"href":"https:\/\/www.emporioamazonervas.com.br\/index.php\/wp-json\/wp\/v2\/product\/2327"}],"collection":[{"href":"https:\/\/www.emporioamazonervas.com.br\/index.php\/wp-json\/wp\/v2\/product"}],"about":[{"href":"https:\/\/www.emporioamazonervas.com.br\/index.php\/wp-json\/wp\/v2\/types\/product"}],"replies":[{"embeddable":true,"href":"https:\/\/www.emporioamazonervas.com.br\/index.php\/wp-json\/wp\/v2\/comments?post=2327"}],"wp:featuredmedia":[{"embeddable":true,"href":"https:\/\/www.emporioamazonervas.com.br\/index.php\/wp-json\/wp\/v2\/media\/2328"}],"wp:attachment":[{"href":"https:\/\/www.emporioamazonervas.com.br\/index.php\/wp-json\/wp\/v2\/media?parent=2327"}],"wp:term":[{"taxonomy":"product_cat","embeddable":true,"href":"https:\/\/www.emporioamazonervas.com.br\/index.php\/wp-json\/wp\/v2\/product_cat?post=2327"},{"taxonomy":"product_tag","embeddable":true,"href":"https:\/\/www.emporioamazonervas.com.br\/index.php\/wp-json\/wp\/v2\/product_tag?post=2327"}],"curies":[{"name":"wp","href":"https:\/\/api.w.org\/{rel}","templated":true}]}}