{"id":2316,"date":"2022-09-27T17:16:34","date_gmt":"2022-09-27T20:16:34","guid":{"rendered":"https:\/\/www.emporioamazonervas.com.br\/?post_type=product&#038;p=2316"},"modified":"2022-09-27T17:16:34","modified_gmt":"2022-09-27T20:16:34","slug":"oleo-de-linhaca-dourada-60-caps-1000mg-videira-7","status":"publish","type":"product","link":"https:\/\/www.emporioamazonervas.com.br\/index.php\/produto\/oleo-de-linhaca-dourada-60-caps-1000mg-videira-7\/","title":{"rendered":"\u00d3leo de Linha\u00e7a Dourada 60 caps 1000mg &#8211; Videira 7"},"content":{"rendered":"<p>Cont\u00e9m \u00e1cidos graxos \u00d4mega-3, um importante nutriente que ajuda a diminuir a incid\u00eancia de doen\u00e7as cardiovasculares. Considerada um alimento funcional, a linha\u00e7a possui propriedades anticancer\u00edgenas e antioxidantes.<\/p>\n<p>Este produto \u00e9 tamb\u00e9m rico\u00a0em \u201cligninas\u201d, subst\u00e2ncias semelhantes ao estr\u00f3geno que est\u00e3o relacionadas ao equil\u00edbrio hormonal feminino, diminuindo os sintomas da TPM.<\/p>\n<p>Os \u00e1cidos graxos presentes nesse \u00f3leo favorecem o fortalecimento da imunidade.<\/p>\n<ul>\n<li>Fonte de vitamina E;<\/li>\n<li>Aliado da sa\u00fade da mulher;<\/li>\n<li>Auxilia na manuten\u00e7\u00e3o dos n\u00edveis saud\u00e1veis de colesterol;<\/li>\n<li>Tem efeito anti-inflamat\u00f3rio natural.<\/li>\n<\/ul>\n","protected":false},"excerpt":{"rendered":"<p>Cont\u00e9m \u00e1cidos graxos \u00d4mega-3, um importante nutriente que ajuda a diminuir a incid\u00eancia de doen\u00e7as<a class=\"read-more\" href=\"https:\/\/www.emporioamazonervas.com.br\/index.php\/produto\/oleo-de-linhaca-dourada-60-caps-1000mg-videira-7\/\">&#8230;<\/a><\/p>\n","protected":false},"featured_media":2317,"comment_status":"open","ping_status":"closed","template":"","meta":[],"product_cat":[173],"product_tag":[735,507,736,316,227,620,720,508,73,340,62,323,530,114],"_links":{"self":[{"href":"https:\/\/www.emporioamazonervas.com.br\/index.php\/wp-json\/wp\/v2\/product\/2316"}],"collection":[{"href":"https:\/\/www.emporioamazonervas.com.br\/index.php\/wp-json\/wp\/v2\/product"}],"about":[{"href":"https:\/\/www.emporioamazonervas.com.br\/index.php\/wp-json\/wp\/v2\/types\/product"}],"replies":[{"embeddable":true,"href":"https:\/\/www.emporioamazonervas.com.br\/index.php\/wp-json\/wp\/v2\/comments?post=2316"}],"wp:featuredmedia":[{"embeddable":true,"href":"https:\/\/www.emporioamazonervas.com.br\/index.php\/wp-json\/wp\/v2\/media\/2317"}],"wp:attachment":[{"href":"https:\/\/www.emporioamazonervas.com.br\/index.php\/wp-json\/wp\/v2\/media?parent=2316"}],"wp:term":[{"taxonomy":"product_cat","embeddable":true,"href":"https:\/\/www.emporioamazonervas.com.br\/index.php\/wp-json\/wp\/v2\/product_cat?post=2316"},{"taxonomy":"product_tag","embeddable":true,"href":"https:\/\/www.emporioamazonervas.com.br\/index.php\/wp-json\/wp\/v2\/product_tag?post=2316"}],"curies":[{"name":"wp","href":"https:\/\/api.w.org\/{rel}","templated":true}]}}