{"id":2308,"date":"2022-09-27T11:23:24","date_gmt":"2022-09-27T14:23:24","guid":{"rendered":"https:\/\/www.emporioamazonervas.com.br\/?post_type=product&#038;p=2308"},"modified":"2023-03-21T10:33:58","modified_gmt":"2023-03-21T13:33:58","slug":"noz-da-india-60-caps-500mg-natus-verde","status":"publish","type":"product","link":"https:\/\/www.emporioamazonervas.com.br\/index.php\/produto\/noz-da-india-60-caps-500mg-natus-verde\/","title":{"rendered":"Noz da \u00cdndia 60 caps 500mg &#8211; Natus Verde"},"content":{"rendered":"<p style=\"text-align: justify\">As Nozes da \u00cdndia s\u00e3o sementes que atuam na queima de gordura, regularizam o intestino, inibem o apetite e possuem a\u00e7\u00e3o diur\u00e9tica, tornando-se verdadeiras faxineiras das impurezas que se acumulam no organismo. Atua diretamente nas c\u00e9lulas da pele, deixando-a mais firme e resistente.<\/p>\n","protected":false},"excerpt":{"rendered":"<p>As Nozes da \u00cdndia s\u00e3o sementes que atuam na queima de gordura, regularizam o intestino,<a class=\"read-more\" href=\"https:\/\/www.emporioamazonervas.com.br\/index.php\/produto\/noz-da-india-60-caps-500mg-natus-verde\/\">&#8230;<\/a><\/p>\n","protected":false},"featured_media":2309,"comment_status":"open","ping_status":"closed","template":"","meta":[],"product_cat":[173],"product_tag":[733,236,734,732,731,631,722],"_links":{"self":[{"href":"https:\/\/www.emporioamazonervas.com.br\/index.php\/wp-json\/wp\/v2\/product\/2308"}],"collection":[{"href":"https:\/\/www.emporioamazonervas.com.br\/index.php\/wp-json\/wp\/v2\/product"}],"about":[{"href":"https:\/\/www.emporioamazonervas.com.br\/index.php\/wp-json\/wp\/v2\/types\/product"}],"replies":[{"embeddable":true,"href":"https:\/\/www.emporioamazonervas.com.br\/index.php\/wp-json\/wp\/v2\/comments?post=2308"}],"wp:featuredmedia":[{"embeddable":true,"href":"https:\/\/www.emporioamazonervas.com.br\/index.php\/wp-json\/wp\/v2\/media\/2309"}],"wp:attachment":[{"href":"https:\/\/www.emporioamazonervas.com.br\/index.php\/wp-json\/wp\/v2\/media?parent=2308"}],"wp:term":[{"taxonomy":"product_cat","embeddable":true,"href":"https:\/\/www.emporioamazonervas.com.br\/index.php\/wp-json\/wp\/v2\/product_cat?post=2308"},{"taxonomy":"product_tag","embeddable":true,"href":"https:\/\/www.emporioamazonervas.com.br\/index.php\/wp-json\/wp\/v2\/product_tag?post=2308"}],"curies":[{"name":"wp","href":"https:\/\/api.w.org\/{rel}","templated":true}]}}