{"id":2304,"date":"2022-09-27T11:06:21","date_gmt":"2022-09-27T14:06:21","guid":{"rendered":"https:\/\/www.emporioamazonervas.com.br\/?post_type=product&#038;p=2304"},"modified":"2023-03-21T10:35:06","modified_gmt":"2023-03-21T13:35:06","slug":"psyllium-60-caps-500mg-natus-verde","status":"publish","type":"product","link":"https:\/\/www.emporioamazonervas.com.br\/index.php\/produto\/psyllium-60-caps-500mg-natus-verde\/","title":{"rendered":"Psyllium 60 caps 500mg &#8211; Natus Verde"},"content":{"rendered":"<p style=\"text-align: justify\">Ajuda a regular o funcionamento intestinal, trata constipa\u00e7\u00e3o, diarreia, reduz o colesterol, reduz o a\u00e7\u00facar no sangue, ajuda na sa\u00fade do cora\u00e7\u00e3o, \u00e9 rico em fibras que auxiliam nas dietas de perda de peso pois da a sensa\u00e7\u00e3o de saciedade.<\/p>\n","protected":false},"excerpt":{"rendered":"<p>Ajuda a regular o funcionamento intestinal, trata constipa\u00e7\u00e3o, diarreia, reduz o colesterol, reduz o a\u00e7\u00facar<a class=\"read-more\" href=\"https:\/\/www.emporioamazonervas.com.br\/index.php\/produto\/psyllium-60-caps-500mg-natus-verde\/\">&#8230;<\/a><\/p>\n","protected":false},"featured_media":2305,"comment_status":"open","ping_status":"closed","template":"","meta":[],"product_cat":[173],"product_tag":[724,723,185,726,725,722,721,551,727],"_links":{"self":[{"href":"https:\/\/www.emporioamazonervas.com.br\/index.php\/wp-json\/wp\/v2\/product\/2304"}],"collection":[{"href":"https:\/\/www.emporioamazonervas.com.br\/index.php\/wp-json\/wp\/v2\/product"}],"about":[{"href":"https:\/\/www.emporioamazonervas.com.br\/index.php\/wp-json\/wp\/v2\/types\/product"}],"replies":[{"embeddable":true,"href":"https:\/\/www.emporioamazonervas.com.br\/index.php\/wp-json\/wp\/v2\/comments?post=2304"}],"wp:featuredmedia":[{"embeddable":true,"href":"https:\/\/www.emporioamazonervas.com.br\/index.php\/wp-json\/wp\/v2\/media\/2305"}],"wp:attachment":[{"href":"https:\/\/www.emporioamazonervas.com.br\/index.php\/wp-json\/wp\/v2\/media?parent=2304"}],"wp:term":[{"taxonomy":"product_cat","embeddable":true,"href":"https:\/\/www.emporioamazonervas.com.br\/index.php\/wp-json\/wp\/v2\/product_cat?post=2304"},{"taxonomy":"product_tag","embeddable":true,"href":"https:\/\/www.emporioamazonervas.com.br\/index.php\/wp-json\/wp\/v2\/product_tag?post=2304"}],"curies":[{"name":"wp","href":"https:\/\/api.w.org\/{rel}","templated":true}]}}