{"id":2298,"date":"2022-09-26T18:50:59","date_gmt":"2022-09-26T21:50:59","guid":{"rendered":"https:\/\/www.emporioamazonervas.com.br\/?post_type=product&#038;p=2298"},"modified":"2023-03-21T10:35:16","modified_gmt":"2023-03-21T13:35:16","slug":"sucupira-composta-60-caps-500mg-natus-verde","status":"publish","type":"product","link":"https:\/\/www.emporioamazonervas.com.br\/index.php\/produto\/sucupira-composta-60-caps-500mg-natus-verde\/","title":{"rendered":"Sucupira Composta 60 caps 500mg &#8211; Natus Verde"},"content":{"rendered":"<p style=\"text-align: justify\">\u00c9 antidiab\u00e9tico, antirreum\u00e1tico, ajuda contra hipoglicemia, \u00e9 t\u00f4nico natural, ajuda a tratar artrite, artrose dores no corpo, gota inflama\u00e7\u00f5es nas articula\u00e7\u00f5es, c\u00e2imbras e distens\u00e3o. Aumenta a imunidade, trata sinusite, renite, amigdalite, tendinite e bursite.<\/p>\n","protected":false},"excerpt":{"rendered":"<p>\u00c9 antidiab\u00e9tico, antirreum\u00e1tico, ajuda contra hipoglicemia, \u00e9 t\u00f4nico natural, ajuda a tratar artrite, artrose dores<a class=\"read-more\" href=\"https:\/\/www.emporioamazonervas.com.br\/index.php\/produto\/sucupira-composta-60-caps-500mg-natus-verde\/\">&#8230;<\/a><\/p>\n","protected":false},"featured_media":2299,"comment_status":"open","ping_status":"closed","template":"","meta":[],"product_cat":[173],"product_tag":[717,709,710,533,585,719,713,711,508,714,716,715,718,712],"_links":{"self":[{"href":"https:\/\/www.emporioamazonervas.com.br\/index.php\/wp-json\/wp\/v2\/product\/2298"}],"collection":[{"href":"https:\/\/www.emporioamazonervas.com.br\/index.php\/wp-json\/wp\/v2\/product"}],"about":[{"href":"https:\/\/www.emporioamazonervas.com.br\/index.php\/wp-json\/wp\/v2\/types\/product"}],"replies":[{"embeddable":true,"href":"https:\/\/www.emporioamazonervas.com.br\/index.php\/wp-json\/wp\/v2\/comments?post=2298"}],"wp:featuredmedia":[{"embeddable":true,"href":"https:\/\/www.emporioamazonervas.com.br\/index.php\/wp-json\/wp\/v2\/media\/2299"}],"wp:attachment":[{"href":"https:\/\/www.emporioamazonervas.com.br\/index.php\/wp-json\/wp\/v2\/media?parent=2298"}],"wp:term":[{"taxonomy":"product_cat","embeddable":true,"href":"https:\/\/www.emporioamazonervas.com.br\/index.php\/wp-json\/wp\/v2\/product_cat?post=2298"},{"taxonomy":"product_tag","embeddable":true,"href":"https:\/\/www.emporioamazonervas.com.br\/index.php\/wp-json\/wp\/v2\/product_tag?post=2298"}],"curies":[{"name":"wp","href":"https:\/\/api.w.org\/{rel}","templated":true}]}}