{"id":2296,"date":"2022-09-26T18:42:23","date_gmt":"2022-09-26T21:42:23","guid":{"rendered":"https:\/\/www.emporioamazonervas.com.br\/?post_type=product&#038;p=2296"},"modified":"2022-09-26T18:42:23","modified_gmt":"2022-09-26T21:42:23","slug":"oleo-de-copaiba-60-caps-500mg-natus-verde","status":"publish","type":"product","link":"https:\/\/www.emporioamazonervas.com.br\/index.php\/produto\/oleo-de-copaiba-60-caps-500mg-natus-verde\/","title":{"rendered":"\u00d3leo de Copa\u00edba 60 caps 500mg &#8211; Natus Verde"},"content":{"rendered":"<p style=\"text-align: justify\">Alivia as dores musculares, melhora a circula\u00e7\u00e3o sangu\u00ednea, anti-inflamat\u00f3rio que alivia incha\u00e7os, antibi\u00f3tico e laxante natural. ajuda a prevenir infarto, derrame e varizes.<\/p>\n","protected":false},"excerpt":{"rendered":"<p>Alivia as dores musculares, melhora a circula\u00e7\u00e3o sangu\u00ednea, anti-inflamat\u00f3rio que alivia incha\u00e7os, antibi\u00f3tico e laxante<a class=\"read-more\" href=\"https:\/\/www.emporioamazonervas.com.br\/index.php\/produto\/oleo-de-copaiba-60-caps-500mg-natus-verde\/\">&#8230;<\/a><\/p>\n","protected":false},"featured_media":2297,"comment_status":"open","ping_status":"closed","template":"","meta":[],"product_cat":[173],"product_tag":[704,507,523,592,646,705,707,706,708],"_links":{"self":[{"href":"https:\/\/www.emporioamazonervas.com.br\/index.php\/wp-json\/wp\/v2\/product\/2296"}],"collection":[{"href":"https:\/\/www.emporioamazonervas.com.br\/index.php\/wp-json\/wp\/v2\/product"}],"about":[{"href":"https:\/\/www.emporioamazonervas.com.br\/index.php\/wp-json\/wp\/v2\/types\/product"}],"replies":[{"embeddable":true,"href":"https:\/\/www.emporioamazonervas.com.br\/index.php\/wp-json\/wp\/v2\/comments?post=2296"}],"wp:featuredmedia":[{"embeddable":true,"href":"https:\/\/www.emporioamazonervas.com.br\/index.php\/wp-json\/wp\/v2\/media\/2297"}],"wp:attachment":[{"href":"https:\/\/www.emporioamazonervas.com.br\/index.php\/wp-json\/wp\/v2\/media?parent=2296"}],"wp:term":[{"taxonomy":"product_cat","embeddable":true,"href":"https:\/\/www.emporioamazonervas.com.br\/index.php\/wp-json\/wp\/v2\/product_cat?post=2296"},{"taxonomy":"product_tag","embeddable":true,"href":"https:\/\/www.emporioamazonervas.com.br\/index.php\/wp-json\/wp\/v2\/product_tag?post=2296"}],"curies":[{"name":"wp","href":"https:\/\/api.w.org\/{rel}","templated":true}]}}