{"id":2294,"date":"2022-09-26T18:26:53","date_gmt":"2022-09-26T21:26:53","guid":{"rendered":"https:\/\/www.emporioamazonervas.com.br\/?post_type=product&#038;p=2294"},"modified":"2023-03-21T10:35:28","modified_gmt":"2023-03-21T13:35:28","slug":"vinagre-de-maca-60-caps-500mg-natus-verde","status":"publish","type":"product","link":"https:\/\/www.emporioamazonervas.com.br\/index.php\/produto\/vinagre-de-maca-60-caps-500mg-natus-verde\/","title":{"rendered":"Vinagre de Ma\u00e7\u00e3 60 caps 500mg &#8211; Natus Verde"},"content":{"rendered":"<p style=\"text-align: justify\">\u00c9 usado para digerir as gorduras e prote\u00ednas. Age fazendo uma pr\u00e9-digest\u00e3o dos alimentos como a carne. Desintoxica o organismo ajudando a controlar o peso. Regula a absor\u00e7\u00e3o do a\u00e7\u00facar e modera o apetite.<\/p>\n","protected":false},"excerpt":{"rendered":"<p>\u00c9 usado para digerir as gorduras e prote\u00ednas. Age fazendo uma pr\u00e9-digest\u00e3o dos alimentos como<a class=\"read-more\" href=\"https:\/\/www.emporioamazonervas.com.br\/index.php\/produto\/vinagre-de-maca-60-caps-500mg-natus-verde\/\">&#8230;<\/a><\/p>\n","protected":false},"featured_media":2295,"comment_status":"open","ping_status":"closed","template":"","meta":[],"product_cat":[173],"product_tag":[703,702,541,700,632,701,699],"_links":{"self":[{"href":"https:\/\/www.emporioamazonervas.com.br\/index.php\/wp-json\/wp\/v2\/product\/2294"}],"collection":[{"href":"https:\/\/www.emporioamazonervas.com.br\/index.php\/wp-json\/wp\/v2\/product"}],"about":[{"href":"https:\/\/www.emporioamazonervas.com.br\/index.php\/wp-json\/wp\/v2\/types\/product"}],"replies":[{"embeddable":true,"href":"https:\/\/www.emporioamazonervas.com.br\/index.php\/wp-json\/wp\/v2\/comments?post=2294"}],"wp:featuredmedia":[{"embeddable":true,"href":"https:\/\/www.emporioamazonervas.com.br\/index.php\/wp-json\/wp\/v2\/media\/2295"}],"wp:attachment":[{"href":"https:\/\/www.emporioamazonervas.com.br\/index.php\/wp-json\/wp\/v2\/media?parent=2294"}],"wp:term":[{"taxonomy":"product_cat","embeddable":true,"href":"https:\/\/www.emporioamazonervas.com.br\/index.php\/wp-json\/wp\/v2\/product_cat?post=2294"},{"taxonomy":"product_tag","embeddable":true,"href":"https:\/\/www.emporioamazonervas.com.br\/index.php\/wp-json\/wp\/v2\/product_tag?post=2294"}],"curies":[{"name":"wp","href":"https:\/\/api.w.org\/{rel}","templated":true}]}}