{"id":2292,"date":"2022-09-26T17:57:46","date_gmt":"2022-09-26T20:57:46","guid":{"rendered":"https:\/\/www.emporioamazonervas.com.br\/?post_type=product&#038;p=2292"},"modified":"2023-03-21T10:35:38","modified_gmt":"2023-03-21T13:35:38","slug":"quebra-pedra-60-caps-500mg-natus-verde","status":"publish","type":"product","link":"https:\/\/www.emporioamazonervas.com.br\/index.php\/produto\/quebra-pedra-60-caps-500mg-natus-verde\/","title":{"rendered":"Quebra Pedra 60 caps 500mg &#8211; Natus verde"},"content":{"rendered":"<p style=\"text-align: justify\">\u00c9 diur\u00e9tico e fortificante do est\u00f4mago. Ajuda a combater diabetes, \u00e1cido \u00farico, infec\u00e7\u00f5es urin\u00e1rias, infec\u00e7\u00f5es de pele, infec\u00e7\u00f5es da boca, infec\u00e7\u00f5es de garganta, pr\u00f3stata, f\u00edgado, cistite, c\u00e1lculos e c\u00f3licas renais. Dist\u00farbios da pr\u00f3stata e bexiga.<\/p>\n<p>Al\u00e9m disso, ajuda no equil\u00edbrio da press\u00e3o arterial.<\/p>\n","protected":false},"excerpt":{"rendered":"<p>\u00c9 diur\u00e9tico e fortificante do est\u00f4mago. Ajuda a combater diabetes, \u00e1cido \u00farico, infec\u00e7\u00f5es urin\u00e1rias, infec\u00e7\u00f5es<a class=\"read-more\" href=\"https:\/\/www.emporioamazonervas.com.br\/index.php\/produto\/quebra-pedra-60-caps-500mg-natus-verde\/\">&#8230;<\/a><\/p>\n","protected":false},"featured_media":2293,"comment_status":"open","ping_status":"closed","template":"","meta":[],"product_cat":[173],"product_tag":[697,695,694,696,693,236,692,599,698,569,315],"_links":{"self":[{"href":"https:\/\/www.emporioamazonervas.com.br\/index.php\/wp-json\/wp\/v2\/product\/2292"}],"collection":[{"href":"https:\/\/www.emporioamazonervas.com.br\/index.php\/wp-json\/wp\/v2\/product"}],"about":[{"href":"https:\/\/www.emporioamazonervas.com.br\/index.php\/wp-json\/wp\/v2\/types\/product"}],"replies":[{"embeddable":true,"href":"https:\/\/www.emporioamazonervas.com.br\/index.php\/wp-json\/wp\/v2\/comments?post=2292"}],"wp:featuredmedia":[{"embeddable":true,"href":"https:\/\/www.emporioamazonervas.com.br\/index.php\/wp-json\/wp\/v2\/media\/2293"}],"wp:attachment":[{"href":"https:\/\/www.emporioamazonervas.com.br\/index.php\/wp-json\/wp\/v2\/media?parent=2292"}],"wp:term":[{"taxonomy":"product_cat","embeddable":true,"href":"https:\/\/www.emporioamazonervas.com.br\/index.php\/wp-json\/wp\/v2\/product_cat?post=2292"},{"taxonomy":"product_tag","embeddable":true,"href":"https:\/\/www.emporioamazonervas.com.br\/index.php\/wp-json\/wp\/v2\/product_tag?post=2292"}],"curies":[{"name":"wp","href":"https:\/\/api.w.org\/{rel}","templated":true}]}}