{"id":2286,"date":"2022-09-23T18:40:23","date_gmt":"2022-09-23T21:40:23","guid":{"rendered":"https:\/\/www.emporioamazonervas.com.br\/?post_type=product&#038;p=2286"},"modified":"2023-03-21T10:35:57","modified_gmt":"2023-03-21T13:35:57","slug":"tribullus-com-maca-peruana-60-caps-500mg-natus-verde","status":"publish","type":"product","link":"https:\/\/www.emporioamazonervas.com.br\/index.php\/produto\/tribullus-com-maca-peruana-60-caps-500mg-natus-verde\/","title":{"rendered":"Tr\u00edbullus com Maca Peruana 60 caps 500mg &#8211; Natus verde"},"content":{"rendered":"<p style=\"text-align: justify\">O Tr\u00edbullus com Maca auxilia no aumento da pot\u00eancia sexual no homem e na mulher e ajuda a aumentar a fertilidade. Ele auxilia na melhor forma\u00e7\u00e3o e desenvolvimento muscular.<\/p>\n","protected":false},"excerpt":{"rendered":"<p>O Tr\u00edbullus com Maca auxilia no aumento da pot\u00eancia sexual no homem e na mulher<a class=\"read-more\" href=\"https:\/\/www.emporioamazonervas.com.br\/index.php\/produto\/tribullus-com-maca-peruana-60-caps-500mg-natus-verde\/\">&#8230;<\/a><\/p>\n","protected":false},"featured_media":2287,"comment_status":"open","ping_status":"closed","template":"","meta":[],"product_cat":[173],"product_tag":[689,612,688,93,326,92,582,385,386],"_links":{"self":[{"href":"https:\/\/www.emporioamazonervas.com.br\/index.php\/wp-json\/wp\/v2\/product\/2286"}],"collection":[{"href":"https:\/\/www.emporioamazonervas.com.br\/index.php\/wp-json\/wp\/v2\/product"}],"about":[{"href":"https:\/\/www.emporioamazonervas.com.br\/index.php\/wp-json\/wp\/v2\/types\/product"}],"replies":[{"embeddable":true,"href":"https:\/\/www.emporioamazonervas.com.br\/index.php\/wp-json\/wp\/v2\/comments?post=2286"}],"wp:featuredmedia":[{"embeddable":true,"href":"https:\/\/www.emporioamazonervas.com.br\/index.php\/wp-json\/wp\/v2\/media\/2287"}],"wp:attachment":[{"href":"https:\/\/www.emporioamazonervas.com.br\/index.php\/wp-json\/wp\/v2\/media?parent=2286"}],"wp:term":[{"taxonomy":"product_cat","embeddable":true,"href":"https:\/\/www.emporioamazonervas.com.br\/index.php\/wp-json\/wp\/v2\/product_cat?post=2286"},{"taxonomy":"product_tag","embeddable":true,"href":"https:\/\/www.emporioamazonervas.com.br\/index.php\/wp-json\/wp\/v2\/product_tag?post=2286"}],"curies":[{"name":"wp","href":"https:\/\/api.w.org\/{rel}","templated":true}]}}