{"id":2282,"date":"2022-09-23T18:11:12","date_gmt":"2022-09-23T21:11:12","guid":{"rendered":"https:\/\/www.emporioamazonervas.com.br\/?post_type=product&#038;p=2282"},"modified":"2022-12-23T16:21:33","modified_gmt":"2022-12-23T19:21:33","slug":"oleo-de-avestruz-omegas-3-6-7-e-9-60-caps-500mg-amazon-struthio","status":"publish","type":"product","link":"https:\/\/www.emporioamazonervas.com.br\/index.php\/produto\/oleo-de-avestruz-omegas-3-6-7-e-9-60-caps-500mg-amazon-struthio\/","title":{"rendered":"\u00d3leo de Avestruz \u00d4megas 3, 6, 7 e 9  60 caps 500mg &#8211; Amazon Struthio"},"content":{"rendered":"<p>\u00c9 um suplemento alimentar. \u00c9 o primeiro no mundo, que possui o registro da Anvisa e Selo de Inspe\u00e7\u00e3o Federal . Um produto natural, sem aditivos qu\u00edmicos, corantes ou conservantes.<\/p>\n<p>O mais rico e completo em \u00d4megas, pois cont\u00e9m os \u00d4megas 3, 6, 7 e 9, al\u00e9m de possuir as vitaminas A, B1, B5, B9 e D3 e tamb\u00e9m, descoberto recentemente, possui Alquilglicerois.<\/p>\n<p>Devido a sua rica e completa composi\u00e7\u00e3o, o \u00f3leo de Avestruz Amazon Struthio, proporciona in\u00fameros benef\u00edcios \u00e0 sa\u00fade do nosso organismo e mente.<\/p>\n","protected":false},"excerpt":{"rendered":"<p>\u00c9 um suplemento alimentar. \u00c9 o primeiro no mundo, que possui o registro da Anvisa<a class=\"read-more\" href=\"https:\/\/www.emporioamazonervas.com.br\/index.php\/produto\/oleo-de-avestruz-omegas-3-6-7-e-9-60-caps-500mg-amazon-struthio\/\">&#8230;<\/a><\/p>\n","protected":false},"featured_media":2283,"comment_status":"open","ping_status":"closed","template":"","meta":[],"product_cat":[173],"product_tag":[595,685,62,63,105,64,686,469,112,139,635,671,267],"_links":{"self":[{"href":"https:\/\/www.emporioamazonervas.com.br\/index.php\/wp-json\/wp\/v2\/product\/2282"}],"collection":[{"href":"https:\/\/www.emporioamazonervas.com.br\/index.php\/wp-json\/wp\/v2\/product"}],"about":[{"href":"https:\/\/www.emporioamazonervas.com.br\/index.php\/wp-json\/wp\/v2\/types\/product"}],"replies":[{"embeddable":true,"href":"https:\/\/www.emporioamazonervas.com.br\/index.php\/wp-json\/wp\/v2\/comments?post=2282"}],"wp:featuredmedia":[{"embeddable":true,"href":"https:\/\/www.emporioamazonervas.com.br\/index.php\/wp-json\/wp\/v2\/media\/2283"}],"wp:attachment":[{"href":"https:\/\/www.emporioamazonervas.com.br\/index.php\/wp-json\/wp\/v2\/media?parent=2282"}],"wp:term":[{"taxonomy":"product_cat","embeddable":true,"href":"https:\/\/www.emporioamazonervas.com.br\/index.php\/wp-json\/wp\/v2\/product_cat?post=2282"},{"taxonomy":"product_tag","embeddable":true,"href":"https:\/\/www.emporioamazonervas.com.br\/index.php\/wp-json\/wp\/v2\/product_tag?post=2282"}],"curies":[{"name":"wp","href":"https:\/\/api.w.org\/{rel}","templated":true}]}}