{"id":2278,"date":"2022-09-20T19:18:02","date_gmt":"2022-09-20T22:18:02","guid":{"rendered":"https:\/\/www.emporioamazonervas.com.br\/?post_type=product&#038;p=2278"},"modified":"2023-03-21T10:36:05","modified_gmt":"2023-03-21T13:36:05","slug":"ipe-roxo-60-caps-500mg-natus-verde","status":"publish","type":"product","link":"https:\/\/www.emporioamazonervas.com.br\/index.php\/produto\/ipe-roxo-60-caps-500mg-natus-verde\/","title":{"rendered":"Ip\u00ea Roxo 60 caps 500mg &#8211; Natus Verde"},"content":{"rendered":"<p style=\"text-align: justify\">Com a\u00e7\u00e3o anti-inflamat\u00f3ria e analg\u00e9sica antineopl\u00e1stica, o Ip\u00ea Roxo tem efeito sobre o sistema respirat\u00f3rio. Auxilia nos tratamentos de bronquite, infec\u00e7\u00f5es em geral, asma, \u00falcera g\u00e1strica e duodenais, arteriosclerose, gastrite, eczemas, estomatite e em pacientes com neoplasias submetidos \u00e0 radioterapia.<\/p>\n","protected":false},"excerpt":{"rendered":"<p>Com a\u00e7\u00e3o anti-inflamat\u00f3ria e analg\u00e9sica antineopl\u00e1stica, o Ip\u00ea Roxo tem efeito sobre o sistema respirat\u00f3rio.<a class=\"read-more\" href=\"https:\/\/www.emporioamazonervas.com.br\/index.php\/produto\/ipe-roxo-60-caps-500mg-natus-verde\/\">&#8230;<\/a><\/p>\n","protected":false},"featured_media":2279,"comment_status":"open","ping_status":"closed","template":"","meta":[],"product_cat":[173],"product_tag":[680,507,576,682,603,684,681,683],"_links":{"self":[{"href":"https:\/\/www.emporioamazonervas.com.br\/index.php\/wp-json\/wp\/v2\/product\/2278"}],"collection":[{"href":"https:\/\/www.emporioamazonervas.com.br\/index.php\/wp-json\/wp\/v2\/product"}],"about":[{"href":"https:\/\/www.emporioamazonervas.com.br\/index.php\/wp-json\/wp\/v2\/types\/product"}],"replies":[{"embeddable":true,"href":"https:\/\/www.emporioamazonervas.com.br\/index.php\/wp-json\/wp\/v2\/comments?post=2278"}],"wp:featuredmedia":[{"embeddable":true,"href":"https:\/\/www.emporioamazonervas.com.br\/index.php\/wp-json\/wp\/v2\/media\/2279"}],"wp:attachment":[{"href":"https:\/\/www.emporioamazonervas.com.br\/index.php\/wp-json\/wp\/v2\/media?parent=2278"}],"wp:term":[{"taxonomy":"product_cat","embeddable":true,"href":"https:\/\/www.emporioamazonervas.com.br\/index.php\/wp-json\/wp\/v2\/product_cat?post=2278"},{"taxonomy":"product_tag","embeddable":true,"href":"https:\/\/www.emporioamazonervas.com.br\/index.php\/wp-json\/wp\/v2\/product_tag?post=2278"}],"curies":[{"name":"wp","href":"https:\/\/api.w.org\/{rel}","templated":true}]}}