{"id":2273,"date":"2022-09-20T18:40:26","date_gmt":"2022-09-20T21:40:26","guid":{"rendered":"https:\/\/www.emporioamazonervas.com.br\/?post_type=product&#038;p=2273"},"modified":"2023-03-21T10:36:16","modified_gmt":"2023-03-21T13:36:16","slug":"guarana-e-ginseng-60-caps-500mg-natus-verde","status":"publish","type":"product","link":"https:\/\/www.emporioamazonervas.com.br\/index.php\/produto\/guarana-e-ginseng-60-caps-500mg-natus-verde\/","title":{"rendered":"Guaran\u00e1 e Ginseng 60 caps 500mg &#8211; Natus Verde"},"content":{"rendered":"<p style=\"text-align: justify\">Estimulante e t\u00f4nico muscular eficaz no caso de fraqueza, esgotamento f\u00edsico e mental. Combate tamb\u00e9m anemia, melhora a mem\u00f3ria, combate a cefal\u00e9ia e \u00e9 tamb\u00e9m um valioso fortificante para os ossos.<\/p>\n","protected":false},"excerpt":{"rendered":"<p>Estimulante e t\u00f4nico muscular eficaz no caso de fraqueza, esgotamento f\u00edsico e mental. Combate tamb\u00e9m<a class=\"read-more\" href=\"https:\/\/www.emporioamazonervas.com.br\/index.php\/produto\/guarana-e-ginseng-60-caps-500mg-natus-verde\/\">&#8230;<\/a><\/p>\n","protected":false},"featured_media":2274,"comment_status":"open","ping_status":"closed","template":"","meta":[],"product_cat":[173],"product_tag":[664,579,677,678,676,249,679],"_links":{"self":[{"href":"https:\/\/www.emporioamazonervas.com.br\/index.php\/wp-json\/wp\/v2\/product\/2273"}],"collection":[{"href":"https:\/\/www.emporioamazonervas.com.br\/index.php\/wp-json\/wp\/v2\/product"}],"about":[{"href":"https:\/\/www.emporioamazonervas.com.br\/index.php\/wp-json\/wp\/v2\/types\/product"}],"replies":[{"embeddable":true,"href":"https:\/\/www.emporioamazonervas.com.br\/index.php\/wp-json\/wp\/v2\/comments?post=2273"}],"wp:featuredmedia":[{"embeddable":true,"href":"https:\/\/www.emporioamazonervas.com.br\/index.php\/wp-json\/wp\/v2\/media\/2274"}],"wp:attachment":[{"href":"https:\/\/www.emporioamazonervas.com.br\/index.php\/wp-json\/wp\/v2\/media?parent=2273"}],"wp:term":[{"taxonomy":"product_cat","embeddable":true,"href":"https:\/\/www.emporioamazonervas.com.br\/index.php\/wp-json\/wp\/v2\/product_cat?post=2273"},{"taxonomy":"product_tag","embeddable":true,"href":"https:\/\/www.emporioamazonervas.com.br\/index.php\/wp-json\/wp\/v2\/product_tag?post=2273"}],"curies":[{"name":"wp","href":"https:\/\/api.w.org\/{rel}","templated":true}]}}