{"id":2267,"date":"2022-09-20T17:57:41","date_gmt":"2022-09-20T20:57:41","guid":{"rendered":"https:\/\/www.emporioamazonervas.com.br\/?post_type=product&#038;p=2267"},"modified":"2022-09-20T17:57:41","modified_gmt":"2022-09-20T20:57:41","slug":"espirulina-com-vitamina-c-120-caps-500mg-videira-7","status":"publish","type":"product","link":"https:\/\/www.emporioamazonervas.com.br\/index.php\/produto\/espirulina-com-vitamina-c-120-caps-500mg-videira-7\/","title":{"rendered":"Espirulina com vitamina C 120 caps 500mg &#8211; Videira 7"},"content":{"rendered":"<div class=\"descricao-titulo padrao-desc\"><\/div>\n<div class=\"box-descricao\">\n<div class=\"span12\">\n<div id=\"smarthint-product-position1\"><\/div>\n<div id=\"blank-product-position1\"><\/div>\n<div class=\"abas-custom\">\n<div class=\"tab-content\">\n<div id=\"descricao\" class=\"tab-pane active\">\n<p style=\"text-align: justify\">A Espirulina \u00e9 uma bact\u00e9ria capaz de fazer fotoss\u00edntese, denominada cianobact\u00e9ria que \u00e9 um organismo que cresce em \u00e1gua fresca e salgada, considerada um superalimento. Cultivada em todo o mundo, ela \u00e9 conhecida por seu sabor intenso e perfil de nutri\u00e7\u00e3o ainda mais poderoso.<\/p>\n<\/div>\n<\/div>\n<\/div>\n<\/div>\n<\/div>\n<p style=\"text-align: justify\">Possui propriedades antioxidantes, anti-inflamat\u00f3rias, diminui os n\u00edveis do colesterol LDL e triglicer\u00eddeos, melhora a for\u00e7a muscular.<\/p>\n<p>&#8211; N\u00e3o cont\u00e9m gl\u00faten.<\/p>\n","protected":false},"excerpt":{"rendered":"<p>A Espirulina \u00e9 uma bact\u00e9ria capaz de fazer fotoss\u00edntese, denominada cianobact\u00e9ria que \u00e9 um organismo<a class=\"read-more\" href=\"https:\/\/www.emporioamazonervas.com.br\/index.php\/produto\/espirulina-com-vitamina-c-120-caps-500mg-videira-7\/\">&#8230;<\/a><\/p>\n","protected":false},"featured_media":2268,"comment_status":"open","ping_status":"closed","template":"","meta":[],"product_cat":[173],"product_tag":[507,316,227,672,539,113],"_links":{"self":[{"href":"https:\/\/www.emporioamazonervas.com.br\/index.php\/wp-json\/wp\/v2\/product\/2267"}],"collection":[{"href":"https:\/\/www.emporioamazonervas.com.br\/index.php\/wp-json\/wp\/v2\/product"}],"about":[{"href":"https:\/\/www.emporioamazonervas.com.br\/index.php\/wp-json\/wp\/v2\/types\/product"}],"replies":[{"embeddable":true,"href":"https:\/\/www.emporioamazonervas.com.br\/index.php\/wp-json\/wp\/v2\/comments?post=2267"}],"wp:featuredmedia":[{"embeddable":true,"href":"https:\/\/www.emporioamazonervas.com.br\/index.php\/wp-json\/wp\/v2\/media\/2268"}],"wp:attachment":[{"href":"https:\/\/www.emporioamazonervas.com.br\/index.php\/wp-json\/wp\/v2\/media?parent=2267"}],"wp:term":[{"taxonomy":"product_cat","embeddable":true,"href":"https:\/\/www.emporioamazonervas.com.br\/index.php\/wp-json\/wp\/v2\/product_cat?post=2267"},{"taxonomy":"product_tag","embeddable":true,"href":"https:\/\/www.emporioamazonervas.com.br\/index.php\/wp-json\/wp\/v2\/product_tag?post=2267"}],"curies":[{"name":"wp","href":"https:\/\/api.w.org\/{rel}","templated":true}]}}