{"id":2265,"date":"2022-09-20T17:46:12","date_gmt":"2022-09-20T20:46:12","guid":{"rendered":"https:\/\/www.emporioamazonervas.com.br\/?post_type=product&#038;p=2265"},"modified":"2023-03-20T18:50:32","modified_gmt":"2023-03-20T21:50:32","slug":"feijao-branco-30-caps-500mg-clinicmais","status":"publish","type":"product","link":"https:\/\/www.emporioamazonervas.com.br\/index.php\/produto\/feijao-branco-30-caps-500mg-clinicmais\/","title":{"rendered":"Feij\u00e3o Branco 30 caps 500mg &#8211; ClinicMais"},"content":{"rendered":"<p style=\"text-align: justify\"><strong>Os benef\u00edcios do Feij\u00e3o Branco em c\u00e1psulas est\u00e3o relacionados \u00e0 quantidade de fibras que ela carrega. Al\u00e9m de colaborarem com o funcionamento do intestino, elas d\u00e3o a sensa\u00e7\u00e3o de saciedade, fazendo com que voc\u00ea coma menos e auxiliando no emagrecimento.<\/strong><\/p>\n<p style=\"text-align: justify\">O feij\u00e3o branco \u00e9 uma excelente <strong>fonte de<\/strong>\u00a0um\u00a0<strong>mineral<\/strong>\u00a0muito importante para a sa\u00fade do cora\u00e7\u00e3o:\u00a0<strong>o magn\u00e9sio<\/strong>.\u00a0Al\u00e9m disso, \u00e9 rico em folato, ou seja,\u00a0<strong>vitamina B9<\/strong>. Assim, ambos os nutrientes s\u00e3o ben\u00e9ficos para a sa\u00fade cardiovascular, por exemplo, ajudando a prevenir problemas como a press\u00e3o arterial elevada.<\/p>\n<p style=\"text-align: justify\">&#8211; \u00c9 rico em\u00a0<strong>fibras e<\/strong>\u00a0tamb\u00e9m fonte de\u00a0<strong>prote\u00ednas<\/strong>.<br \/>\n&#8211; Seu consumo auxilia na\u00a0<strong>redu\u00e7\u00e3o da absor\u00e7\u00e3o de carboidratos<\/strong>.<br \/>\n&#8211; Ajuda na<strong>\u00a0redu\u00e7\u00e3o de colesterol<\/strong>\u00a0e favorece a\u00a0<strong>defini\u00e7\u00e3o muscular.<\/strong><\/p>\n<p style=\"text-align: justify\"><strong>Gestantes, nutrizes e crian\u00e7as at\u00e9 3 (tr\u00eas) anos somente devem consumir este produto sob orienta\u00e7\u00e3o de nutricionista e\/ou m\u00e9dico.<\/strong><\/p>\n<p style=\"text-align: justify\">&#8211; N\u00c3O CONT\u00c9M GLUT\u00c9N.<\/p>\n","protected":false},"excerpt":{"rendered":"<p>Os benef\u00edcios do Feij\u00e3o Branco em c\u00e1psulas est\u00e3o relacionados \u00e0 quantidade de fibras que ela<a class=\"read-more\" href=\"https:\/\/www.emporioamazonervas.com.br\/index.php\/produto\/feijao-branco-30-caps-500mg-clinicmais\/\">&#8230;<\/a><\/p>\n","protected":false},"featured_media":2266,"comment_status":"open","ping_status":"closed","template":"","meta":[],"product_cat":[173],"product_tag":[572,227,670,480,401,409,175,569,671],"_links":{"self":[{"href":"https:\/\/www.emporioamazonervas.com.br\/index.php\/wp-json\/wp\/v2\/product\/2265"}],"collection":[{"href":"https:\/\/www.emporioamazonervas.com.br\/index.php\/wp-json\/wp\/v2\/product"}],"about":[{"href":"https:\/\/www.emporioamazonervas.com.br\/index.php\/wp-json\/wp\/v2\/types\/product"}],"replies":[{"embeddable":true,"href":"https:\/\/www.emporioamazonervas.com.br\/index.php\/wp-json\/wp\/v2\/comments?post=2265"}],"wp:featuredmedia":[{"embeddable":true,"href":"https:\/\/www.emporioamazonervas.com.br\/index.php\/wp-json\/wp\/v2\/media\/2266"}],"wp:attachment":[{"href":"https:\/\/www.emporioamazonervas.com.br\/index.php\/wp-json\/wp\/v2\/media?parent=2265"}],"wp:term":[{"taxonomy":"product_cat","embeddable":true,"href":"https:\/\/www.emporioamazonervas.com.br\/index.php\/wp-json\/wp\/v2\/product_cat?post=2265"},{"taxonomy":"product_tag","embeddable":true,"href":"https:\/\/www.emporioamazonervas.com.br\/index.php\/wp-json\/wp\/v2\/product_tag?post=2265"}],"curies":[{"name":"wp","href":"https:\/\/api.w.org\/{rel}","templated":true}]}}