{"id":2257,"date":"2022-09-20T16:37:32","date_gmt":"2022-09-20T19:37:32","guid":{"rendered":"https:\/\/www.emporioamazonervas.com.br\/?post_type=product&#038;p=2257"},"modified":"2022-09-20T16:37:33","modified_gmt":"2022-09-20T19:37:33","slug":"kawa-kawa-com-valeriana-60-caps-500mg-natus-verde","status":"publish","type":"product","link":"https:\/\/www.emporioamazonervas.com.br\/index.php\/produto\/kawa-kawa-com-valeriana-60-caps-500mg-natus-verde\/","title":{"rendered":"Kawa-Kawa com Valeriana 60 caps 500mg &#8211; Natus Verde"},"content":{"rendered":"<p style=\"text-align: justify\">Uma excelente op\u00e7\u00e3o no tratamento natural para casos de ansiedade e agita\u00e7\u00e3o. Com efeito calmante tamb\u00e9m \u00e9 utilizada em casos de convuls\u00f5es. J\u00e1 a valeriana \u00e9 indicada como sedativo moderado, como agente promotor do sono e no tratamento de dist\u00farbios do sono associados \u00e0 ansiedade.<\/p>\n","protected":false},"excerpt":{"rendered":"<p>Uma excelente op\u00e7\u00e3o no tratamento natural para casos de ansiedade e agita\u00e7\u00e3o. Com efeito calmante<a class=\"read-more\" href=\"https:\/\/www.emporioamazonervas.com.br\/index.php\/produto\/kawa-kawa-com-valeriana-60-caps-500mg-natus-verde\/\">&#8230;<\/a><\/p>\n","protected":false},"featured_media":2259,"comment_status":"open","ping_status":"closed","template":"","meta":[],"product_cat":[173],"product_tag":[661,331,660,662,547,659],"_links":{"self":[{"href":"https:\/\/www.emporioamazonervas.com.br\/index.php\/wp-json\/wp\/v2\/product\/2257"}],"collection":[{"href":"https:\/\/www.emporioamazonervas.com.br\/index.php\/wp-json\/wp\/v2\/product"}],"about":[{"href":"https:\/\/www.emporioamazonervas.com.br\/index.php\/wp-json\/wp\/v2\/types\/product"}],"replies":[{"embeddable":true,"href":"https:\/\/www.emporioamazonervas.com.br\/index.php\/wp-json\/wp\/v2\/comments?post=2257"}],"wp:featuredmedia":[{"embeddable":true,"href":"https:\/\/www.emporioamazonervas.com.br\/index.php\/wp-json\/wp\/v2\/media\/2259"}],"wp:attachment":[{"href":"https:\/\/www.emporioamazonervas.com.br\/index.php\/wp-json\/wp\/v2\/media?parent=2257"}],"wp:term":[{"taxonomy":"product_cat","embeddable":true,"href":"https:\/\/www.emporioamazonervas.com.br\/index.php\/wp-json\/wp\/v2\/product_cat?post=2257"},{"taxonomy":"product_tag","embeddable":true,"href":"https:\/\/www.emporioamazonervas.com.br\/index.php\/wp-json\/wp\/v2\/product_tag?post=2257"}],"curies":[{"name":"wp","href":"https:\/\/api.w.org\/{rel}","templated":true}]}}