{"id":2252,"date":"2022-09-20T12:40:12","date_gmt":"2022-09-20T15:40:12","guid":{"rendered":"https:\/\/www.emporioamazonervas.com.br\/?post_type=product&#038;p=2252"},"modified":"2022-09-20T12:40:13","modified_gmt":"2022-09-20T15:40:13","slug":"levedo-de-cerveja-400-caps-500mg-apisnutri","status":"publish","type":"product","link":"https:\/\/www.emporioamazonervas.com.br\/index.php\/produto\/levedo-de-cerveja-400-caps-500mg-apisnutri\/","title":{"rendered":"Levedo de Cerveja 400 caps 500mg &#8211; ApisNutri"},"content":{"rendered":"<p style=\"text-align: justify\">O levedo de cerveja, tamb\u00e9m conhecido como cevada ou levedura de cerveja \u00e9 um alimento altamente nutritivo e que merece ser inclu\u00eddo na dieta. Um de seus grandes benef\u00edcios \u00e9 o fato de melhorar o sistema imunol\u00f3gico al\u00e9m de ajudar com outros problemas como queda de cabelo, acne e diabetes.<\/p>\n<p style=\"text-align: justify\"><strong>\u00a0Muitos nutrientes: <\/strong>c\u00e1lcio (699 mg), zinco (9,68 mg), ferro (10,59 mg), vitaminas do complexo B, f\u00f3sforo, pot\u00e1ssio, sel\u00eanio (0,5 mg) cromo e ferro.<\/p>\n<p style=\"text-align: justify\"><strong>\u00a0Ideal para quem faz muscula\u00e7\u00e3o: <\/strong>o levedo de cerveja possui uma grande quantidade de prote\u00ednas (apresenta 80 a 85 % do valor nutricional da case\u00edna) sendo ideal para quem pratica muscula\u00e7\u00e3o e visa o ganho de massa muscular. Tamb\u00e9m \u00e9 uma boa op\u00e7\u00e3o para os vegetarianos.<\/p>\n<p style=\"text-align: justify\"><strong>\u00a0Desintoxica o organismo: <\/strong>o levedo auxilia a desintoxicar o organismo, auxilia na regula\u00e7\u00e3o do intestino melhorando o processo digestivo.<\/p>\n<p style=\"text-align: justify\"><strong>\u00a0Sistema nervoso: <\/strong>ele tamb\u00e9m consegue manter o sistema nervoso equilibrado o que ajuda a evitar o cansa\u00e7o mental e f\u00edsico que sentimos por causa da agita\u00e7\u00e3o do dia a dia.<\/p>\n<p style=\"text-align: justify\"><strong>\u00a0Guardi\u00e3o da beleza: <\/strong>para quer manter os cabelos saud\u00e1veis e ter unhas fortes, o levedo de cerveja \u00e9 um santo rem\u00e9dio. Tamb\u00e9m \u00e9 \u00f3timo para manter a pele limpa e sem acne e ainda retarda o envelhecimento e o aparecimento de rugas.<\/p>\n<p style=\"text-align: justify\"><strong>A\u00e7\u00e3o energ\u00e9tica: <\/strong>ele ajuda a converter o carboidrato comum \u00e9 glicose para ser utilizada pelo organismo. O levedo de cerveja pode ser indicado para atletas ou praticantes de atividades f\u00edsicas, pois quando combinado com alguns tipos de suplementos aumenta a resist\u00eancia f\u00edsica oferecendo um maior aporte de energia<\/p>\n<p style=\"text-align: justify\"><strong>\u00a0Para diab\u00e9ticos: <\/strong>o levedo ajuda a combater os n\u00edveis de glicose no sangue.<\/p>\n<h2 style=\"text-align: justify\">BENEF\u00cdCIOS<\/h2>\n<ul>\n<li>Auxilia no emagrecimento;<\/li>\n<li>Aumenta a capacidade de concentra\u00e7\u00e3o e memoriza\u00e7\u00e3o;<\/li>\n<li>Diminui o cansa\u00e7o f\u00edsico e o estresse;<\/li>\n<li>Ajuda diminuir a queda de cabelo;<\/li>\n<li>Fortalece o sistema imunol\u00f3gico.<\/li>\n<\/ul>\n","protected":false},"excerpt":{"rendered":"<p>O levedo de cerveja, tamb\u00e9m conhecido como cevada ou levedura de cerveja \u00e9 um alimento<a class=\"read-more\" href=\"https:\/\/www.emporioamazonervas.com.br\/index.php\/produto\/levedo-de-cerveja-400-caps-500mg-apisnutri\/\">&#8230;<\/a><\/p>\n","protected":false},"featured_media":2253,"comment_status":"open","ping_status":"closed","template":"","meta":[],"product_cat":[173],"product_tag":[504,567,187,573,657,654,556,555,626,658],"_links":{"self":[{"href":"https:\/\/www.emporioamazonervas.com.br\/index.php\/wp-json\/wp\/v2\/product\/2252"}],"collection":[{"href":"https:\/\/www.emporioamazonervas.com.br\/index.php\/wp-json\/wp\/v2\/product"}],"about":[{"href":"https:\/\/www.emporioamazonervas.com.br\/index.php\/wp-json\/wp\/v2\/types\/product"}],"replies":[{"embeddable":true,"href":"https:\/\/www.emporioamazonervas.com.br\/index.php\/wp-json\/wp\/v2\/comments?post=2252"}],"wp:featuredmedia":[{"embeddable":true,"href":"https:\/\/www.emporioamazonervas.com.br\/index.php\/wp-json\/wp\/v2\/media\/2253"}],"wp:attachment":[{"href":"https:\/\/www.emporioamazonervas.com.br\/index.php\/wp-json\/wp\/v2\/media?parent=2252"}],"wp:term":[{"taxonomy":"product_cat","embeddable":true,"href":"https:\/\/www.emporioamazonervas.com.br\/index.php\/wp-json\/wp\/v2\/product_cat?post=2252"},{"taxonomy":"product_tag","embeddable":true,"href":"https:\/\/www.emporioamazonervas.com.br\/index.php\/wp-json\/wp\/v2\/product_tag?post=2252"}],"curies":[{"name":"wp","href":"https:\/\/api.w.org\/{rel}","templated":true}]}}