{"id":2249,"date":"2022-09-20T11:47:03","date_gmt":"2022-09-20T14:47:03","guid":{"rendered":"https:\/\/www.emporioamazonervas.com.br\/?post_type=product&#038;p=2249"},"modified":"2022-09-20T19:04:10","modified_gmt":"2022-09-20T22:04:10","slug":"licopeno-c-vit-c-e-e-selenio-60-caps-videira-7","status":"publish","type":"product","link":"https:\/\/www.emporioamazonervas.com.br\/index.php\/produto\/licopeno-c-vit-c-e-e-selenio-60-caps-videira-7\/","title":{"rendered":"Licopeno C\/ Vit. C, E e Sel\u00eanio 60 caps &#8211; Videira 7"},"content":{"rendered":"<p>O Licopeno cont\u00e9m o caroten\u00f3ide mais eficiente neutralizador de radicais livres. No qual atua impedindo a oxida\u00e7\u00e3o do LDL- colesterol (colesterol ruim), e na forma\u00e7\u00e3o da aterosclerose. Suplemento aliado\u00a0na sa\u00fade masculina e na preven\u00e7\u00e3o \u00e0 osteoporose em mulheres no per\u00edodo p\u00f3s-menopausa.<\/p>\n<p>O Suplemento em c\u00e1psulas Licopeno tem a\u00e7\u00e3o antioxidante, que protege as c\u00e9lulas contra os radicais livres. Seu consumo deve estar associado a uma alimenta\u00e7\u00e3o equilibrada e h\u00e1bitos de vida saud\u00e1veis.<\/p>\n<p>&nbsp;<\/p>\n<p>Atua protegendo as c\u00e9lulas dos radicais livres, minimizando riscos de desordens de pr\u00f3stata e doen\u00e7as cardiovasculares, e ainda auxilia\u00a0no controle das taxas de colesterol e na redu\u00e7\u00e3o da forma\u00e7\u00e3o de placas de gordura nas art\u00e9rias.<\/p>\n<p>&nbsp;<\/p>\n<p><strong>O Licopeno \u00e9 completo e aliado da boa forma, qualidade e longevidade de vida.<\/strong><\/p>\n<p>&nbsp;<\/p>\n<p>-N\u00c3O CONT\u00c9M GL\u00daTEN.<\/p>\n","protected":false},"excerpt":{"rendered":"<p>O Licopeno cont\u00e9m o caroten\u00f3ide mais eficiente neutralizador de radicais livres. No qual atua impedindo<a class=\"read-more\" href=\"https:\/\/www.emporioamazonervas.com.br\/index.php\/produto\/licopeno-c-vit-c-e-e-selenio-60-caps-videira-7\/\">&#8230;<\/a><\/p>\n","protected":false},"featured_media":2195,"comment_status":"open","ping_status":"closed","template":"","meta":[],"product_cat":[173],"product_tag":[316,54,227,620,314,317,315,520],"_links":{"self":[{"href":"https:\/\/www.emporioamazonervas.com.br\/index.php\/wp-json\/wp\/v2\/product\/2249"}],"collection":[{"href":"https:\/\/www.emporioamazonervas.com.br\/index.php\/wp-json\/wp\/v2\/product"}],"about":[{"href":"https:\/\/www.emporioamazonervas.com.br\/index.php\/wp-json\/wp\/v2\/types\/product"}],"replies":[{"embeddable":true,"href":"https:\/\/www.emporioamazonervas.com.br\/index.php\/wp-json\/wp\/v2\/comments?post=2249"}],"wp:featuredmedia":[{"embeddable":true,"href":"https:\/\/www.emporioamazonervas.com.br\/index.php\/wp-json\/wp\/v2\/media\/2195"}],"wp:attachment":[{"href":"https:\/\/www.emporioamazonervas.com.br\/index.php\/wp-json\/wp\/v2\/media?parent=2249"}],"wp:term":[{"taxonomy":"product_cat","embeddable":true,"href":"https:\/\/www.emporioamazonervas.com.br\/index.php\/wp-json\/wp\/v2\/product_cat?post=2249"},{"taxonomy":"product_tag","embeddable":true,"href":"https:\/\/www.emporioamazonervas.com.br\/index.php\/wp-json\/wp\/v2\/product_tag?post=2249"}],"curies":[{"name":"wp","href":"https:\/\/api.w.org\/{rel}","templated":true}]}}