{"id":2242,"date":"2022-09-17T13:05:40","date_gmt":"2022-09-17T16:05:40","guid":{"rendered":"https:\/\/www.emporioamazonervas.com.br\/?post_type=product&#038;p=2242"},"modified":"2022-09-19T15:08:14","modified_gmt":"2022-09-19T18:08:14","slug":"estiki-colageno-acido-hialuronico-90-caps-1-100mg-apisnutri","status":"publish","type":"product","link":"https:\/\/www.emporioamazonervas.com.br\/index.php\/produto\/estiki-colageno-acido-hialuronico-90-caps-1-100mg-apisnutri\/","title":{"rendered":"Estiki Col\u00e1geno + \u00c1cido Hialur\u00f4nico 90 caps 1.100mg &#8211; ApisNutri"},"content":{"rendered":"<div style=\"text-align: justify\"><strong>Estiki Col\u00e1geno Verisol com \u00c1cido Hilaur\u00f4nico e Vitamina C<\/strong><span style=\"font-size: 1rem\">\u00a0\u00e9 elaborado com\u00a0<\/span><strong style=\"font-size: 1rem\">Pept\u00eddeos Bioativos de Col\u00e1geno<\/strong><sup><strong>\u00a0<\/strong><\/sup><span style=\"font-size: 1rem\">especialmente desenvolvidos para a manuten\u00e7\u00e3o da sa\u00fade da pele, suavizando a forma\u00e7\u00e3o de rugas e contribuindo para o aumento da elasticidade e da firmeza deste, que \u00e9 o maior \u00f3rg\u00e3o do corpo humano, a pele.<\/span><\/div>\n<div style=\"text-align: justify\"><\/div>\n<div style=\"text-align: justify\">Outro componente que tr\u00e1s grande diferencial para este produto, \u00e9 a presen\u00e7a do\u00a0<strong>\u00c1cido Hialur\u00f4nico,<\/strong> uma subst\u00e2ncia fisiologicamente produzida pelo organismo, mas que tem sua s\u00edntese muito diminuida\u00a0 a partir dos 25 anos de idade. Fundamental para a manuten\u00e7\u00e3o de uma pele hidratada e saud\u00e1vel, o \u00e1cido hialur\u00f4nico , ret\u00e9m \u00e1gua dentro das c\u00e9lulas da pele, atenuando e prevenindo o aparecimento de rugas, linhas de express\u00e3o e o aspecto envelhecido da pele.<\/div>\n<div style=\"text-align: justify\"><\/div>\n<div style=\"text-align: justify\"><\/div>\n<div style=\"text-align: justify\">J\u00e1 a\u00a0<strong>Vitamina C,<\/strong>\u00a0\u00e9<strong>\u00a0<\/strong>fundamental para a forma\u00e7\u00e3o\u00a0do col\u00e1geno, assim como tem importante a\u00e7\u00e3o antioxidante, impedindo a a\u00e7\u00e3o dos radicais livres no organismo; pois hoje j\u00e1 se sabe que uma das principais causas do envelhecimento da pele, s\u00e3o a a\u00e7\u00e3o oxidante dos radicais livres.<\/div>\n<div style=\"text-align: justify\"><\/div>\n","protected":false},"excerpt":{"rendered":"<p>Estiki Col\u00e1geno Verisol com \u00c1cido Hilaur\u00f4nico e Vitamina C\u00a0\u00e9 elaborado com\u00a0Pept\u00eddeos Bioativos de Col\u00e1geno\u00a0especialmente desenvolvidos<a class=\"read-more\" href=\"https:\/\/www.emporioamazonervas.com.br\/index.php\/produto\/estiki-colageno-acido-hialuronico-90-caps-1-100mg-apisnutri\/\">&#8230;<\/a><\/p>\n","protected":false},"featured_media":2243,"comment_status":"open","ping_status":"closed","template":"","meta":[],"product_cat":[173],"product_tag":[542,316,554,520,556,113],"_links":{"self":[{"href":"https:\/\/www.emporioamazonervas.com.br\/index.php\/wp-json\/wp\/v2\/product\/2242"}],"collection":[{"href":"https:\/\/www.emporioamazonervas.com.br\/index.php\/wp-json\/wp\/v2\/product"}],"about":[{"href":"https:\/\/www.emporioamazonervas.com.br\/index.php\/wp-json\/wp\/v2\/types\/product"}],"replies":[{"embeddable":true,"href":"https:\/\/www.emporioamazonervas.com.br\/index.php\/wp-json\/wp\/v2\/comments?post=2242"}],"wp:featuredmedia":[{"embeddable":true,"href":"https:\/\/www.emporioamazonervas.com.br\/index.php\/wp-json\/wp\/v2\/media\/2243"}],"wp:attachment":[{"href":"https:\/\/www.emporioamazonervas.com.br\/index.php\/wp-json\/wp\/v2\/media?parent=2242"}],"wp:term":[{"taxonomy":"product_cat","embeddable":true,"href":"https:\/\/www.emporioamazonervas.com.br\/index.php\/wp-json\/wp\/v2\/product_cat?post=2242"},{"taxonomy":"product_tag","embeddable":true,"href":"https:\/\/www.emporioamazonervas.com.br\/index.php\/wp-json\/wp\/v2\/product_tag?post=2242"}],"curies":[{"name":"wp","href":"https:\/\/api.w.org\/{rel}","templated":true}]}}