{"id":2167,"date":"2022-09-16T16:19:09","date_gmt":"2022-09-16T19:19:09","guid":{"rendered":"https:\/\/www.emporioamazonervas.com.br\/?post_type=product&#038;p=2167"},"modified":"2023-03-20T17:58:39","modified_gmt":"2023-03-20T20:58:39","slug":"rejuvecel-coenzima-q10-com-semente-de-uva-30-capsulas-450mg-clinicmais","status":"publish","type":"product","link":"https:\/\/www.emporioamazonervas.com.br\/index.php\/produto\/rejuvecel-coenzima-q10-com-semente-de-uva-30-capsulas-450mg-clinicmais\/","title":{"rendered":"Rejuvecel \/ Coenzima Q10 +Semente de Uva + Vitaminas C e E 30 Caps 450mg &#8211; ClinicMais"},"content":{"rendered":"<p style=\"text-align: justify\">Rejuvecel Q10,\u00a0 confere a pele um aspecto mais jovem e energizado. Sua f\u00f3rmula cont\u00e9m coenzima Q10, resveratrol e vitaminas C e E, antioxidantes que ajudam a melhorar a apar\u00eancia da pele, suavizando linhas de express\u00e3o. A Coenzima Q10 \u00e9 uma enzima natural que estimula a produ\u00e7\u00e3o de energia na pele, aumentando sua capacidade natural de combater as rugas existentes e de prevenir o aparecimento de novas. O Resveratrol \u00e9 imprescind\u00edvel na luta contra o envelhecimento. Devido a sua a\u00e7\u00e3o antioxidante, proporciona mais sa\u00fade e vitalidade na pele.<\/p>\n","protected":false},"excerpt":{"rendered":"<p>Rejuvecel Q10,\u00a0 confere a pele um aspecto mais jovem e energizado. Sua f\u00f3rmula cont\u00e9m coenzima<a class=\"read-more\" href=\"https:\/\/www.emporioamazonervas.com.br\/index.php\/produto\/rejuvecel-coenzima-q10-com-semente-de-uva-30-capsulas-450mg-clinicmais\/\">&#8230;<\/a><\/p>\n","protected":false},"featured_media":2171,"comment_status":"open","ping_status":"closed","template":"","meta":[],"product_cat":[173],"product_tag":[316,652,653,343,651,654,113,114],"_links":{"self":[{"href":"https:\/\/www.emporioamazonervas.com.br\/index.php\/wp-json\/wp\/v2\/product\/2167"}],"collection":[{"href":"https:\/\/www.emporioamazonervas.com.br\/index.php\/wp-json\/wp\/v2\/product"}],"about":[{"href":"https:\/\/www.emporioamazonervas.com.br\/index.php\/wp-json\/wp\/v2\/types\/product"}],"replies":[{"embeddable":true,"href":"https:\/\/www.emporioamazonervas.com.br\/index.php\/wp-json\/wp\/v2\/comments?post=2167"}],"wp:featuredmedia":[{"embeddable":true,"href":"https:\/\/www.emporioamazonervas.com.br\/index.php\/wp-json\/wp\/v2\/media\/2171"}],"wp:attachment":[{"href":"https:\/\/www.emporioamazonervas.com.br\/index.php\/wp-json\/wp\/v2\/media?parent=2167"}],"wp:term":[{"taxonomy":"product_cat","embeddable":true,"href":"https:\/\/www.emporioamazonervas.com.br\/index.php\/wp-json\/wp\/v2\/product_cat?post=2167"},{"taxonomy":"product_tag","embeddable":true,"href":"https:\/\/www.emporioamazonervas.com.br\/index.php\/wp-json\/wp\/v2\/product_tag?post=2167"}],"curies":[{"name":"wp","href":"https:\/\/api.w.org\/{rel}","templated":true}]}}