{"id":2150,"date":"2022-09-15T18:17:54","date_gmt":"2022-09-15T21:17:54","guid":{"rendered":"https:\/\/www.emporioamazonervas.com.br\/?post_type=product&#038;p=2150"},"modified":"2022-09-16T16:20:51","modified_gmt":"2022-09-16T19:20:51","slug":"oleo-de-alho-60-caps-380mg-apisnutri","status":"publish","type":"product","link":"https:\/\/www.emporioamazonervas.com.br\/index.php\/produto\/oleo-de-alho-60-caps-380mg-apisnutri\/","title":{"rendered":"\u00d3leo de Alho 60 caps 380mg &#8211; ApisNutri"},"content":{"rendered":"<p style=\"text-align: justify\">\u00a0\u00d3leo de alho s\u00e3o famosos por seus benef\u00edcios para a sa\u00fade, vez que ajuda a regular o colesterol, reduzindo os n\u00edveis de LDL (mau colesterol) e aumentando os n\u00edveis de HDL (colesterol bom), fator importante para quem pretende emagrecer, al\u00e9m de beneficiar o sistema imunol\u00f3gico e oferecer prote\u00e7\u00e3o contra doen\u00e7as card\u00edacas, \u00a0atua rapidamente contra bronquite, tosses cr\u00f4nicas, infec\u00e7\u00f5es respirat\u00f3rias. O \u00f3leo de alho cont\u00e9m amino\u00e1cidos, c\u00e1lcio, enxofre, iodo, ferro, s\u00f3dio, vitaminas e alisina, um anti-inflamat\u00f3rio natural e bactericida.<\/p>\n","protected":false},"excerpt":{"rendered":"<p>\u00a0\u00d3leo de alho s\u00e3o famosos por seus benef\u00edcios para a sa\u00fade, vez que ajuda a<a class=\"read-more\" href=\"https:\/\/www.emporioamazonervas.com.br\/index.php\/produto\/oleo-de-alho-60-caps-380mg-apisnutri\/\">&#8230;<\/a><\/p>\n","protected":false},"featured_media":2173,"comment_status":"open","ping_status":"closed","template":"","meta":[],"product_cat":[173],"product_tag":[507,649,227,648,647,626],"_links":{"self":[{"href":"https:\/\/www.emporioamazonervas.com.br\/index.php\/wp-json\/wp\/v2\/product\/2150"}],"collection":[{"href":"https:\/\/www.emporioamazonervas.com.br\/index.php\/wp-json\/wp\/v2\/product"}],"about":[{"href":"https:\/\/www.emporioamazonervas.com.br\/index.php\/wp-json\/wp\/v2\/types\/product"}],"replies":[{"embeddable":true,"href":"https:\/\/www.emporioamazonervas.com.br\/index.php\/wp-json\/wp\/v2\/comments?post=2150"}],"wp:featuredmedia":[{"embeddable":true,"href":"https:\/\/www.emporioamazonervas.com.br\/index.php\/wp-json\/wp\/v2\/media\/2173"}],"wp:attachment":[{"href":"https:\/\/www.emporioamazonervas.com.br\/index.php\/wp-json\/wp\/v2\/media?parent=2150"}],"wp:term":[{"taxonomy":"product_cat","embeddable":true,"href":"https:\/\/www.emporioamazonervas.com.br\/index.php\/wp-json\/wp\/v2\/product_cat?post=2150"},{"taxonomy":"product_tag","embeddable":true,"href":"https:\/\/www.emporioamazonervas.com.br\/index.php\/wp-json\/wp\/v2\/product_tag?post=2150"}],"curies":[{"name":"wp","href":"https:\/\/api.w.org\/{rel}","templated":true}]}}