{"id":2146,"date":"2022-09-15T11:17:35","date_gmt":"2022-09-15T14:17:35","guid":{"rendered":"https:\/\/www.emporioamazonervas.com.br\/?post_type=product&#038;p=2146"},"modified":"2022-09-16T16:22:26","modified_gmt":"2022-09-16T19:22:26","slug":"oleo-de-semente-de-abobora-120-caps-1000mg-apisnutri","status":"publish","type":"product","link":"https:\/\/www.emporioamazonervas.com.br\/index.php\/produto\/oleo-de-semente-de-abobora-120-caps-1000mg-apisnutri\/","title":{"rendered":"\u00d3leo de Semente de Ab\u00f3bora 120 caps 1000mg &#8211; ApisNutri"},"content":{"rendered":"<p style=\"text-align: justify\">Fonte de\u00a0vitamina E que \u00e9 um eficiente\u00a0antioxidante, que atua no\u00a0combate\u00a0aos danos causados pelos\u00a0radicais livres no organismo.<\/p>\n<ul>\n<li style=\"text-align: justify\">Atua como anti-inflamat\u00f3rio;<\/li>\n<li style=\"text-align: justify\">Auxilia contra dores musculares e artrite;<\/li>\n<li style=\"text-align: justify\">Possui propriedades anti-helm\u00ednticas (verm\u00edfugo), pode ser utilizado por crian\u00e7as e adultos;<\/li>\n<li style=\"text-align: justify\">Elimina subst\u00e2ncias t\u00f3xicas e nocivas que ficam alojadas no est\u00f4mago;<\/li>\n<li style=\"text-align: justify\">Melhora o sistema urin\u00e1rio;<\/li>\n<li style=\"text-align: justify\">Ajuda a hidratar e nutrir a pele, sendo ben\u00e9fico tamb\u00e9m para as estrias, pele seca e caspa;<\/li>\n<li style=\"text-align: justify\">Ajuda no tratamento contra queda de cabelo.<\/li>\n<\/ul>\n","protected":false},"excerpt":{"rendered":"<p>Fonte de\u00a0vitamina E que \u00e9 um eficiente\u00a0antioxidante, que atua no\u00a0combate\u00a0aos danos causados pelos\u00a0radicais livres no<a class=\"read-more\" href=\"https:\/\/www.emporioamazonervas.com.br\/index.php\/produto\/oleo-de-semente-de-abobora-120-caps-1000mg-apisnutri\/\">&#8230;<\/a><\/p>\n","protected":false},"featured_media":2175,"comment_status":"open","ping_status":"closed","template":"","meta":[],"product_cat":[173],"product_tag":[507,316,533,646,645,520,114],"_links":{"self":[{"href":"https:\/\/www.emporioamazonervas.com.br\/index.php\/wp-json\/wp\/v2\/product\/2146"}],"collection":[{"href":"https:\/\/www.emporioamazonervas.com.br\/index.php\/wp-json\/wp\/v2\/product"}],"about":[{"href":"https:\/\/www.emporioamazonervas.com.br\/index.php\/wp-json\/wp\/v2\/types\/product"}],"replies":[{"embeddable":true,"href":"https:\/\/www.emporioamazonervas.com.br\/index.php\/wp-json\/wp\/v2\/comments?post=2146"}],"wp:featuredmedia":[{"embeddable":true,"href":"https:\/\/www.emporioamazonervas.com.br\/index.php\/wp-json\/wp\/v2\/media\/2175"}],"wp:attachment":[{"href":"https:\/\/www.emporioamazonervas.com.br\/index.php\/wp-json\/wp\/v2\/media?parent=2146"}],"wp:term":[{"taxonomy":"product_cat","embeddable":true,"href":"https:\/\/www.emporioamazonervas.com.br\/index.php\/wp-json\/wp\/v2\/product_cat?post=2146"},{"taxonomy":"product_tag","embeddable":true,"href":"https:\/\/www.emporioamazonervas.com.br\/index.php\/wp-json\/wp\/v2\/product_tag?post=2146"}],"curies":[{"name":"wp","href":"https:\/\/api.w.org\/{rel}","templated":true}]}}