{"id":2136,"date":"2022-09-10T13:18:18","date_gmt":"2022-09-10T16:18:18","guid":{"rendered":"https:\/\/www.emporioamazonervas.com.br\/?post_type=product&#038;p=2136"},"modified":"2022-09-16T15:59:07","modified_gmt":"2022-09-16T18:59:07","slug":"cranberry-60-caps-500mg-clinicmais","status":"publish","type":"product","link":"https:\/\/www.emporioamazonervas.com.br\/index.php\/produto\/cranberry-60-caps-500mg-clinicmais\/","title":{"rendered":"Cranberry 60 Caps 500mg &#8211; Clinicmais"},"content":{"rendered":"<p>Benef\u00edcios do Cranberry:<\/p>\n<ul>\n<li>Previne e trata infec\u00e7\u00f5es urin\u00e1rias, ele impede a movimenta\u00e7\u00e3o e produ\u00e7\u00e3o de bact\u00e9rias mal\u00e9ficas em nosso organismo, que pode ser um benef\u00edcio direto no trato urin\u00e1rio onde impede a infec\u00e7\u00e3o inclusive tamb\u00e9m na bexiga.<\/li>\n<li>Possui a\u00e7\u00e3o antioxidante,as quais previne diversas tipos de doen\u00e7as como o c\u00e2ncer, press\u00e3o alta e AVC, ela age com uma a\u00e7\u00e3o que proporciona a limpeza do organismo pela remo\u00e7\u00e3o dos radicais livres e substancias prejudicais ao organismo como os metais pesados.<\/li>\n<li>Produz uma sensa\u00e7\u00e3o de saciedade no organismo, colaborando assim, para o emagrecimento, pois a sensa\u00e7\u00e3o de saciedade no corpo pode evitar a famosa escapadinha da dieta e ser muito atrativo a pessoas que desejam obter a perca de peso.<\/li>\n<\/ul>\n","protected":false},"excerpt":{"rendered":"<p>Benef\u00edcios do Cranberry: Previne e trata infec\u00e7\u00f5es urin\u00e1rias, ele impede a movimenta\u00e7\u00e3o e produ\u00e7\u00e3o de<a class=\"read-more\" href=\"https:\/\/www.emporioamazonervas.com.br\/index.php\/produto\/cranberry-60-caps-500mg-clinicmais\/\">&#8230;<\/a><\/p>\n","protected":false},"featured_media":2161,"comment_status":"open","ping_status":"closed","template":"","meta":[],"product_cat":[173],"product_tag":[296,187,599,520,513],"_links":{"self":[{"href":"https:\/\/www.emporioamazonervas.com.br\/index.php\/wp-json\/wp\/v2\/product\/2136"}],"collection":[{"href":"https:\/\/www.emporioamazonervas.com.br\/index.php\/wp-json\/wp\/v2\/product"}],"about":[{"href":"https:\/\/www.emporioamazonervas.com.br\/index.php\/wp-json\/wp\/v2\/types\/product"}],"replies":[{"embeddable":true,"href":"https:\/\/www.emporioamazonervas.com.br\/index.php\/wp-json\/wp\/v2\/comments?post=2136"}],"wp:featuredmedia":[{"embeddable":true,"href":"https:\/\/www.emporioamazonervas.com.br\/index.php\/wp-json\/wp\/v2\/media\/2161"}],"wp:attachment":[{"href":"https:\/\/www.emporioamazonervas.com.br\/index.php\/wp-json\/wp\/v2\/media?parent=2136"}],"wp:term":[{"taxonomy":"product_cat","embeddable":true,"href":"https:\/\/www.emporioamazonervas.com.br\/index.php\/wp-json\/wp\/v2\/product_cat?post=2136"},{"taxonomy":"product_tag","embeddable":true,"href":"https:\/\/www.emporioamazonervas.com.br\/index.php\/wp-json\/wp\/v2\/product_tag?post=2136"}],"curies":[{"name":"wp","href":"https:\/\/api.w.org\/{rel}","templated":true}]}}