{"id":2130,"date":"2022-09-10T12:58:55","date_gmt":"2022-09-10T15:58:55","guid":{"rendered":"https:\/\/www.emporioamazonervas.com.br\/?post_type=product&#038;p=2130"},"modified":"2022-10-25T12:54:30","modified_gmt":"2022-10-25T15:54:30","slug":"green-clorella-60-caps-500mg-clinicmais","status":"publish","type":"product","link":"https:\/\/www.emporioamazonervas.com.br\/index.php\/produto\/green-clorella-60-caps-500mg-clinicmais\/","title":{"rendered":"Green + Clorella 60 caps 500mg &#8211; ClinicMais"},"content":{"rendered":"<p style=\"text-align: justify\">O Suplemento Alimentar em c\u00e1psulas a base de Clorella estimula a recupera\u00e7\u00e3o dos tecidos, protege a integridade das c\u00e9lulas e melhora absor\u00e7\u00e3o de nutrientes.<\/p>\n<p style=\"text-align: justify\">Excelente purificador org\u00e2nico que cont\u00e9m muitos nutrientes valiosos e poderoso aliado para a perda de peso.<\/p>\n<p style=\"text-align: justify\">Green + Clorella \u00e9\u00a0um estimulante do sistema imunol\u00f3gico e colabora tamb\u00e9m em casos de dist\u00farbios digestivos.<\/p>\n<ul style=\"text-align: justify\">\n<li>Pode atuar como desintoxicante do organismo.<\/li>\n<li>Fortalece o sistema imunol\u00f3gico.<\/li>\n<\/ul>\n<p style=\"text-align: justify\">Apresenta uma \u00f3tima fonte de vitaminas, minerais, fibras, enzimas, amino\u00e1cidos e carboidratos.<\/p>\n<p style=\"text-align: justify\">\n<p>-N\u00c3O CONT\u00c9M GL\u00daTEN.<\/p>\n<p>&nbsp;<\/p>\n<p>&nbsp;<\/p>\n","protected":false},"excerpt":{"rendered":"<p>O Suplemento Alimentar em c\u00e1psulas a base de Clorella estimula a recupera\u00e7\u00e3o dos tecidos, protege<a class=\"read-more\" href=\"https:\/\/www.emporioamazonervas.com.br\/index.php\/produto\/green-clorella-60-caps-500mg-clinicmais\/\">&#8230;<\/a><\/p>\n","protected":false},"featured_media":2172,"comment_status":"open","ping_status":"closed","template":"","meta":[],"product_cat":[173],"product_tag":[641,541,401,633,640,626,469,399],"_links":{"self":[{"href":"https:\/\/www.emporioamazonervas.com.br\/index.php\/wp-json\/wp\/v2\/product\/2130"}],"collection":[{"href":"https:\/\/www.emporioamazonervas.com.br\/index.php\/wp-json\/wp\/v2\/product"}],"about":[{"href":"https:\/\/www.emporioamazonervas.com.br\/index.php\/wp-json\/wp\/v2\/types\/product"}],"replies":[{"embeddable":true,"href":"https:\/\/www.emporioamazonervas.com.br\/index.php\/wp-json\/wp\/v2\/comments?post=2130"}],"wp:featuredmedia":[{"embeddable":true,"href":"https:\/\/www.emporioamazonervas.com.br\/index.php\/wp-json\/wp\/v2\/media\/2172"}],"wp:attachment":[{"href":"https:\/\/www.emporioamazonervas.com.br\/index.php\/wp-json\/wp\/v2\/media?parent=2130"}],"wp:term":[{"taxonomy":"product_cat","embeddable":true,"href":"https:\/\/www.emporioamazonervas.com.br\/index.php\/wp-json\/wp\/v2\/product_cat?post=2130"},{"taxonomy":"product_tag","embeddable":true,"href":"https:\/\/www.emporioamazonervas.com.br\/index.php\/wp-json\/wp\/v2\/product_tag?post=2130"}],"curies":[{"name":"wp","href":"https:\/\/api.w.org\/{rel}","templated":true}]}}