{"id":2128,"date":"2022-09-10T12:59:20","date_gmt":"2022-09-10T15:59:20","guid":{"rendered":"https:\/\/www.emporioamazonervas.com.br\/?post_type=product&#038;p=2128"},"modified":"2022-09-16T16:24:47","modified_gmt":"2022-09-16T19:24:47","slug":"colageno-tipo-ii-60-caps-450mg-videira","status":"publish","type":"product","link":"https:\/\/www.emporioamazonervas.com.br\/index.php\/produto\/colageno-tipo-ii-60-caps-450mg-videira\/","title":{"rendered":"Col\u00e1geno Tipo II 60 Caps 450mg &#8211; Videira"},"content":{"rendered":"<div class=\"box-details\">\n<div class=\"float\">\n<div class=\"box-descricao\">\n<div class=\"span12\">\n<div id=\"blank-product-position1\"><strong style=\"font-size: 1rem\">\u00a0Benef\u00edcios<\/strong><\/div>\n<div><\/div>\n<div><span style=\"font-size: 1rem\">O Col\u00e1geno tipo 2 tem a fun\u00e7\u00e3o de manter a firmeza das cartilagens do nosso organismo. Atua na preven\u00e7\u00e3o e tratamento de doen\u00e7as que atacam as articula\u00e7\u00f5es, ajudando seu corpo reparar as articula\u00e7\u00f5es gastas e danificadas, mantendo-as saud\u00e1veis e firmes garantindo uma boa mobilidade e flexibilidade.<\/span><span style=\"font-size: 1rem\">\u00a0<\/span><\/div>\n<\/div>\n<\/div>\n<\/div>\n<\/div>\n","protected":false},"excerpt":{"rendered":"<p>\u00a0Benef\u00edcios O Col\u00e1geno tipo 2 tem a fun\u00e7\u00e3o de manter a firmeza das cartilagens do<a class=\"read-more\" href=\"https:\/\/www.emporioamazonervas.com.br\/index.php\/produto\/colageno-tipo-ii-60-caps-450mg-videira\/\">&#8230;<\/a><\/p>\n","protected":false},"featured_media":2178,"comment_status":"open","ping_status":"closed","template":"","meta":[],"product_cat":[173],"product_tag":[638,88,584,639],"_links":{"self":[{"href":"https:\/\/www.emporioamazonervas.com.br\/index.php\/wp-json\/wp\/v2\/product\/2128"}],"collection":[{"href":"https:\/\/www.emporioamazonervas.com.br\/index.php\/wp-json\/wp\/v2\/product"}],"about":[{"href":"https:\/\/www.emporioamazonervas.com.br\/index.php\/wp-json\/wp\/v2\/types\/product"}],"replies":[{"embeddable":true,"href":"https:\/\/www.emporioamazonervas.com.br\/index.php\/wp-json\/wp\/v2\/comments?post=2128"}],"wp:featuredmedia":[{"embeddable":true,"href":"https:\/\/www.emporioamazonervas.com.br\/index.php\/wp-json\/wp\/v2\/media\/2178"}],"wp:attachment":[{"href":"https:\/\/www.emporioamazonervas.com.br\/index.php\/wp-json\/wp\/v2\/media?parent=2128"}],"wp:term":[{"taxonomy":"product_cat","embeddable":true,"href":"https:\/\/www.emporioamazonervas.com.br\/index.php\/wp-json\/wp\/v2\/product_cat?post=2128"},{"taxonomy":"product_tag","embeddable":true,"href":"https:\/\/www.emporioamazonervas.com.br\/index.php\/wp-json\/wp\/v2\/product_tag?post=2128"}],"curies":[{"name":"wp","href":"https:\/\/api.w.org\/{rel}","templated":true}]}}