{"id":2119,"date":"2022-09-10T12:33:35","date_gmt":"2022-09-10T15:33:35","guid":{"rendered":"https:\/\/www.emporioamazonervas.com.br\/?post_type=product&#038;p=2119"},"modified":"2022-09-16T16:13:55","modified_gmt":"2022-09-16T19:13:55","slug":"ansiozen-60-caps-450mg-clinicmais","status":"publish","type":"product","link":"https:\/\/www.emporioamazonervas.com.br\/index.php\/produto\/ansiozen-60-caps-450mg-clinicmais\/","title":{"rendered":"Ansiozen 60 caps 450mg &#8211; ClinicMais"},"content":{"rendered":"<p><strong>Ansiozen 60 C\u00e1psulas ClinicMais<\/strong>\u00a0\u00e9 um suplemento natural composto por L-Triptofano e Magn\u00e9sio.<\/p>\n<p>O L-Triptofano \u00e9\u00a0um amino\u00e1cido essencial, ou seja, n\u00e3o \u00e9 produzido pelo organismo, e depois de absorvido \u00e9 convertido em 5-HTP, serotonina, melatonina e Vitamina B6. O Triptofano tem rela\u00e7\u00e3o com o comportamento alimentar, fadiga e sono, al\u00e9m de contribuir para a rela\u00e7\u00e3o de prazer e bem-estar.<\/p>\n<p>J\u00e1 o Magn\u00e9sio \u00e9 um mineral muito importante para o funcionamento do Sistema Nervoso Central.<\/p>\n<p>O uso di\u00e1rio de Ansiozen\u00a0previne a depress\u00e3o, melhora o humor na TPM, melhora o humor e a sensa\u00e7\u00e3o de bem-estar, estimula o aumento da saciedade, e induz o sono de maneira natural.<\/p>\n<p><strong>Vantagens \/ Benef\u00edcios:<\/strong><\/p>\n<ul>\n<li>Composto natural;<\/li>\n<li>Aumenta a sensa\u00e7\u00e3o de prazer e bem-estar;<\/li>\n<li>Melhora o humor;<\/li>\n<li>Melhora o sono;<\/li>\n<\/ul>\n","protected":false},"excerpt":{"rendered":"<p>Ansiozen 60 C\u00e1psulas ClinicMais\u00a0\u00e9 um suplemento natural composto por L-Triptofano e Magn\u00e9sio. O L-Triptofano \u00e9\u00a0um<a class=\"read-more\" href=\"https:\/\/www.emporioamazonervas.com.br\/index.php\/produto\/ansiozen-60-caps-450mg-clinicmais\/\">&#8230;<\/a><\/p>\n","protected":false},"featured_media":2168,"comment_status":"open","ping_status":"closed","template":"","meta":[],"product_cat":[173],"product_tag":[331,605,513,547,530],"_links":{"self":[{"href":"https:\/\/www.emporioamazonervas.com.br\/index.php\/wp-json\/wp\/v2\/product\/2119"}],"collection":[{"href":"https:\/\/www.emporioamazonervas.com.br\/index.php\/wp-json\/wp\/v2\/product"}],"about":[{"href":"https:\/\/www.emporioamazonervas.com.br\/index.php\/wp-json\/wp\/v2\/types\/product"}],"replies":[{"embeddable":true,"href":"https:\/\/www.emporioamazonervas.com.br\/index.php\/wp-json\/wp\/v2\/comments?post=2119"}],"wp:featuredmedia":[{"embeddable":true,"href":"https:\/\/www.emporioamazonervas.com.br\/index.php\/wp-json\/wp\/v2\/media\/2168"}],"wp:attachment":[{"href":"https:\/\/www.emporioamazonervas.com.br\/index.php\/wp-json\/wp\/v2\/media?parent=2119"}],"wp:term":[{"taxonomy":"product_cat","embeddable":true,"href":"https:\/\/www.emporioamazonervas.com.br\/index.php\/wp-json\/wp\/v2\/product_cat?post=2119"},{"taxonomy":"product_tag","embeddable":true,"href":"https:\/\/www.emporioamazonervas.com.br\/index.php\/wp-json\/wp\/v2\/product_tag?post=2119"}],"curies":[{"name":"wp","href":"https:\/\/api.w.org\/{rel}","templated":true}]}}